{"id":18920,"date":"2026-04-08T04:09:36","date_gmt":"2026-04-08T01:09:36","guid":{"rendered":"https:\/\/ventspils.citro.lv\/veikals\/prjaniki-sokolades-250g\/"},"modified":"2026-05-11T18:29:31","modified_gmt":"2026-05-11T15:29:31","slug":"prjaniki-sokolades-250g","status":"publish","type":"product","link":"https:\/\/ventspils.citro.lv\/ru\/veikals\/prjaniki-sokolades-250g\/","title":{"rendered":"Prja\u0146iki \u0161okol\u0101des 250g"},"content":{"rendered":"","protected":false},"excerpt":{"rendered":"<p>5.96 \u20ac\/kg<\/p>\n","protected":false},"featured_media":1240809,"template":"","meta":{"_acf_changed":false,"inline_featured_image":false},"product_cat":[125,139],"product_tag":[],"acf":[],"aioseo_notices":[],"_links":{"self":[{"href":"https:\/\/ventspils.citro.lv\/ru\/wp-json\/wp\/v2\/product\/18920"}],"collection":[{"href":"https:\/\/ventspils.citro.lv\/ru\/wp-json\/wp\/v2\/product"}],"about":[{"href":"https:\/\/ventspils.citro.lv\/ru\/wp-json\/wp\/v2\/types\/product"}],"wp:featuredmedia":[{"embeddable":true,"href":"https:\/\/ventspils.citro.lv\/ru\/wp-json\/wp\/v2\/media\/1240809"}],"wp:attachment":[{"href":"https:\/\/ventspils.citro.lv\/ru\/wp-json\/wp\/v2\/media?parent=18920"}],"wp:term":[{"taxonomy":"product_cat","embeddable":true,"href":"https:\/\/ventspils.citro.lv\/ru\/wp-json\/wp\/v2\/product_cat?post=18920"},{"taxonomy":"product_tag","embeddable":true,"href":"https:\/\/ventspils.citro.lv\/ru\/wp-json\/wp\/v2\/product_tag?post=18920"}],"curies":[{"name":"wp","href":"https:\/\/api.w.org\/{rel}","templated":true}]}}