{"id":189162,"date":"2026-04-06T00:57:33","date_gmt":"2026-04-05T21:57:33","guid":{"rendered":"https:\/\/ventspils.citro.lv\/veikals\/sardeles-cukgalas-nakotne\/"},"modified":"2026-04-06T00:57:52","modified_gmt":"2026-04-05T21:57:52","slug":"sardeles-cukgalas-nakotne","status":"publish","type":"product","link":"https:\/\/ventspils.citro.lv\/ru\/veikals\/sardeles-cukgalas-nakotne\/","title":{"rendered":"Sardeles c\u016bkga\u013cas N\u0101kotne"},"content":{"rendered":"<p>Sast\u0101vda\u013cas: c\u016bkga\u013ca, \u016bdens, spe\u0137is, ciete, s\u0101ls, konservantii: n\u0101trija nitr\u012bts, n\u0101trija acet\u0101ts, stabiliz\u0113t\u0101ji: di-, trifosf\u0101ti, dekstroze, gar\u0161augi, gar\u0161vielas un gar\u0161vielu ekstrakti, aromatiz\u0113t\u0101ji, rauga ekstrakts, laktoze, cukuri, p\u0101rtikas kr\u0101sviela, antioksidanti: askorb\u012bnsk\u0101be, n\u0101trija eritorb\u0101ts, citronsk\u0101be, sk\u0101buma regul\u0113t\u0101js  v\u012bnsk\u0101be. 100g ener\u0123\u0113tisk\u0101 un uzturv\u0113rt\u012bba: 976kJ\/233kcal, tauki 18.8g, tostarp pies\u0101tin\u0101t\u0101s tauksk\u0101bes 8.5g, og\u013chidr\u0101ti 3.2g, tostarp cukuri 0.1g, olbaltumvielas 12.8g, s\u0101ls 1.9g. Uzglab\u0101\u0161anas t\u00b0 no 0\u00b0 l\u012bdz +6\u00b0C.<\/p>\n","protected":false},"excerpt":{"rendered":"<p>4.99 \u20ac\/kg<\/p>\n","protected":false},"featured_media":1239863,"template":"","meta":{"_acf_changed":false,"inline_featured_image":false},"product_cat":[135,192],"product_tag":[],"acf":[],"aioseo_notices":[],"_links":{"self":[{"href":"https:\/\/ventspils.citro.lv\/ru\/wp-json\/wp\/v2\/product\/189162"}],"collection":[{"href":"https:\/\/ventspils.citro.lv\/ru\/wp-json\/wp\/v2\/product"}],"about":[{"href":"https:\/\/ventspils.citro.lv\/ru\/wp-json\/wp\/v2\/types\/product"}],"wp:featuredmedia":[{"embeddable":true,"href":"https:\/\/ventspils.citro.lv\/ru\/wp-json\/wp\/v2\/media\/1239863"}],"wp:attachment":[{"href":"https:\/\/ventspils.citro.lv\/ru\/wp-json\/wp\/v2\/media?parent=189162"}],"wp:term":[{"taxonomy":"product_cat","embeddable":true,"href":"https:\/\/ventspils.citro.lv\/ru\/wp-json\/wp\/v2\/product_cat?post=189162"},{"taxonomy":"product_tag","embeddable":true,"href":"https:\/\/ventspils.citro.lv\/ru\/wp-json\/wp\/v2\/product_tag?post=189162"}],"curies":[{"name":"wp","href":"https:\/\/api.w.org\/{rel}","templated":true}]}}