{"id":187817,"date":"2026-04-28T02:39:32","date_gmt":"2026-04-27T23:39:32","guid":{"rendered":"https:\/\/ventspils.citro.lv\/veikals\/gala-sencu-marineta\/"},"modified":"2026-04-28T02:39:43","modified_gmt":"2026-04-27T23:39:43","slug":"gala-sencu-marineta","status":"publish","type":"product","link":"https:\/\/ventspils.citro.lv\/ru\/veikals\/gala-sencu-marineta\/","title":{"rendered":"Ga\u013ca Sen\u010du marin\u0113ta"},"content":{"rendered":"<p>Sast\u0101vda\u013cas: kr\u016bti\u0146a bez kaula, eti\u0137a marin\u0101de (\u016bdens, eti\u0137sk\u0101be, malti melnie pipari, lauru lapas, maltas kadi\u0137ogas), \u016bdens stabiliz\u0113t\u0101ji (E451i, E508), glikozes s\u012brups, c\u016bkga\u013cas olbaltumvielas, modific\u0113ta ciete, recin\u0101t\u0101js E407a, dekstroze, gar\u0161as pastiprin\u0101t\u0101ji (E621, E635), antioksidanti (E316, E301, E300), biezin\u0101t\u0101ji (E410, E415), nitr\u012bts\u0101ls (s\u0101ls, konservants E250), sk\u0101buma regul\u0113t\u0101ji (E262, E330), gar\u0161vielas, hemoglob\u012bns. Ga\u013cas izejvielas izcelsme ES. Ener\u0123\u0113tisk\u0101 un uzturv\u0113rt\u012bba: 100g produkta vid\u0113ji satur: 1306kJ\/315kcal, tauki 28,37g, tostarp pies\u0101tin\u0101t\u0101s tauksk\u0101bes 5,75g, og\u013chidr\u0101ti 1,38g, tostarp cukurs 0,32g, olbaltumvielas 13,7g, s\u0101ls 2,24g. P\u0113c iepakojuma atv\u0113r\u0161anas izlietot 72 stundu laik\u0101. Uzglab\u0101\u0161anas temperat\u016bra: +2&#8230;+6C.<\/p>\n","protected":false},"excerpt":{"rendered":"<p>9.75 \u20ac\/kg<\/p>\n","protected":false},"featured_media":1254116,"template":"","meta":{"_acf_changed":false,"inline_featured_image":false},"product_cat":[135,174],"product_tag":[],"acf":[],"aioseo_notices":[],"_links":{"self":[{"href":"https:\/\/ventspils.citro.lv\/ru\/wp-json\/wp\/v2\/product\/187817"}],"collection":[{"href":"https:\/\/ventspils.citro.lv\/ru\/wp-json\/wp\/v2\/product"}],"about":[{"href":"https:\/\/ventspils.citro.lv\/ru\/wp-json\/wp\/v2\/types\/product"}],"wp:featuredmedia":[{"embeddable":true,"href":"https:\/\/ventspils.citro.lv\/ru\/wp-json\/wp\/v2\/media\/1254116"}],"wp:attachment":[{"href":"https:\/\/ventspils.citro.lv\/ru\/wp-json\/wp\/v2\/media?parent=187817"}],"wp:term":[{"taxonomy":"product_cat","embeddable":true,"href":"https:\/\/ventspils.citro.lv\/ru\/wp-json\/wp\/v2\/product_cat?post=187817"},{"taxonomy":"product_tag","embeddable":true,"href":"https:\/\/ventspils.citro.lv\/ru\/wp-json\/wp\/v2\/product_tag?post=187817"}],"curies":[{"name":"wp","href":"https:\/\/api.w.org\/{rel}","templated":true}]}}