{"id":187733,"date":"2026-04-23T06:12:54","date_gmt":"2026-04-23T03:12:54","guid":{"rendered":"https:\/\/ventspils.citro.lv\/veikals\/desinas-alus\/"},"modified":"2026-04-23T06:13:05","modified_gmt":"2026-04-23T03:13:05","slug":"desinas-alus","status":"publish","type":"product","link":"https:\/\/ventspils.citro.lv\/ru\/veikals\/desinas-alus\/","title":{"rendered":"Desi\u0146as Alus"},"content":{"rendered":"<p>Sast\u0101vda\u013cas: vistas meh\u0101niski atdal\u012bta ga\u013ca, c\u016bkga\u013ca, c\u016bku spe\u0137is, c\u016bku \u0101di\u0146u emulsija, \u016bdens, kartupe\u013cu ciete, sojas olbaltumvielu izol\u0101ts, s\u0101ls, konservants E250, gar\u0161vielas (ar seleriju), gar\u0161vielu ekstrakti, stabiliz\u0113t\u0101ji: E450, E451, dekstroze, gar\u0161augi (satur laktozi, piena olbaltumvielas), antioksidanti: E316, E315, \u0137imenes, \u0137iploki, kr\u0101sviela E120, gar\u0161as pastiprin\u0101t\u0101js E621. Ga\u013cas izcelsme ES. Iesp\u0113jams var satur\u0113t lipekli, olas un sinepes. 100g ener\u0123\u0113tisk\u0101 un uzturv\u0113rt\u012bba: 1235kJ\/298kcal, tauki 26,7g, tostarp pies\u0101tin\u0101t\u0101s tauksk\u0101bes 9,6g, og\u013chidr\u0101ti 2g, tostarp cukuri 1,4g, olbaltumvielas 12,5g, s\u0101ls 2,37g. Uzglab\u0101\u0161anas temperat\u016bra: +2&#8230;+6C.<\/p>\n","protected":false},"excerpt":{"rendered":"<p>6.49 \u20ac\/kg<\/p>\n","protected":false},"featured_media":1249748,"template":"","meta":{"_acf_changed":false,"inline_featured_image":false},"product_cat":[135,177],"product_tag":[],"acf":[],"aioseo_notices":[],"_links":{"self":[{"href":"https:\/\/ventspils.citro.lv\/ru\/wp-json\/wp\/v2\/product\/187733"}],"collection":[{"href":"https:\/\/ventspils.citro.lv\/ru\/wp-json\/wp\/v2\/product"}],"about":[{"href":"https:\/\/ventspils.citro.lv\/ru\/wp-json\/wp\/v2\/types\/product"}],"wp:featuredmedia":[{"embeddable":true,"href":"https:\/\/ventspils.citro.lv\/ru\/wp-json\/wp\/v2\/media\/1249748"}],"wp:attachment":[{"href":"https:\/\/ventspils.citro.lv\/ru\/wp-json\/wp\/v2\/media?parent=187733"}],"wp:term":[{"taxonomy":"product_cat","embeddable":true,"href":"https:\/\/ventspils.citro.lv\/ru\/wp-json\/wp\/v2\/product_cat?post=187733"},{"taxonomy":"product_tag","embeddable":true,"href":"https:\/\/ventspils.citro.lv\/ru\/wp-json\/wp\/v2\/product_tag?post=187733"}],"curies":[{"name":"wp","href":"https:\/\/api.w.org\/{rel}","templated":true}]}}