{"id":187372,"date":"2025-11-08T01:45:36","date_gmt":"2025-11-07T23:45:36","guid":{"rendered":"https:\/\/ventspils.citro.lv\/veikals\/iekszoles-apaviem-universalas\/"},"modified":"2025-11-08T01:45:41","modified_gmt":"2025-11-07T23:45:41","slug":"iekszoles-apaviem-universalas","status":"publish","type":"product","link":"https:\/\/ventspils.citro.lv\/ru\/veikals\/iekszoles-apaviem-universalas\/","title":{"rendered":"Iek\u0161zoles apaviem univers\u0101las"},"content":{"rendered":"<p>Apavu iek\u0161zoles ar atmi\u0146as putu tehnolo\u0123iju ir ide\u0101li piem\u0113rotas cilv\u0113kiem, kuri pavada daudz laika uz k\u0101j\u0101m. \u0160\u012bs iek\u0161zoles pal\u012bdz nov\u0113rst diskomfortu, piel\u0101gojoties p\u0113das formai, pateicoties \u012bpa\u0161ajam atmi\u0146as putu materi\u0101lam, kas nodro\u0161ina m\u012bkstumu un amortiz\u0101ciju. Iek\u0161zoles ir izgatavotas no elast\u012bga un atsper\u012bga materi\u0101la, kas piem\u0113rots ikvienam. T\u0101s ir viegli piel\u0101gojamas, jo var tikt sagrieztas vajadz\u012bgaj\u0101 izm\u0113r\u0101 (36 &#8212; 46. izm\u0113rs), sekojot nor\u0101d\u012btaj\u0101m l\u012bnij\u0101m. Materi\u0101ls &#8212; PU sl\u0101nis 7 mm, EVA sl\u0101nis 1.5 mm.<\/p>\n","protected":false},"excerpt":{"rendered":"<p>3.19 \u20ac\/gb<\/p>\n","protected":false},"featured_media":1157386,"template":"","meta":{"_acf_changed":false,"inline_featured_image":false},"product_cat":[593,131],"product_tag":[],"acf":[],"aioseo_notices":[],"_links":{"self":[{"href":"https:\/\/ventspils.citro.lv\/ru\/wp-json\/wp\/v2\/product\/187372"}],"collection":[{"href":"https:\/\/ventspils.citro.lv\/ru\/wp-json\/wp\/v2\/product"}],"about":[{"href":"https:\/\/ventspils.citro.lv\/ru\/wp-json\/wp\/v2\/types\/product"}],"wp:featuredmedia":[{"embeddable":true,"href":"https:\/\/ventspils.citro.lv\/ru\/wp-json\/wp\/v2\/media\/1157386"}],"wp:attachment":[{"href":"https:\/\/ventspils.citro.lv\/ru\/wp-json\/wp\/v2\/media?parent=187372"}],"wp:term":[{"taxonomy":"product_cat","embeddable":true,"href":"https:\/\/ventspils.citro.lv\/ru\/wp-json\/wp\/v2\/product_cat?post=187372"},{"taxonomy":"product_tag","embeddable":true,"href":"https:\/\/ventspils.citro.lv\/ru\/wp-json\/wp\/v2\/product_tag?post=187372"}],"curies":[{"name":"wp","href":"https:\/\/api.w.org\/{rel}","templated":true}]}}