{"id":187303,"date":"2026-04-16T01:39:42","date_gmt":"2026-04-15T22:39:42","guid":{"rendered":"https:\/\/ventspils.citro.lv\/veikals\/karbonade-svetku-k-k\/"},"modified":"2026-04-16T01:39:47","modified_gmt":"2026-04-15T22:39:47","slug":"karbonade-svetku-k-k","status":"publish","type":"product","link":"https:\/\/ventspils.citro.lv\/ru\/veikals\/karbonade-svetku-k-k\/","title":{"rendered":"Karbon\u0101de Sv\u0113tku k\/k"},"content":{"rendered":"<p>Sast\u0101vda\u013cas: c\u016bkga\u013cas fileja 70%, \u016bdens, s\u0101ls, 1% ciete (r\u012bsi), sk\u0101buma regul\u0113t\u0101ji: E451, E331, stabiliz\u0113t\u0101ji: E407a, E450, c\u016bkga\u013cas olbaltumvielas, dekstroze, rauga ekstrakts, antioksidanti: E316, biezin\u0101t\u0101js:E415, gar\u0161vielas, aromatiz\u0113t\u0101js, aromatiz\u0113t\u0101js: d\u016bmu, kr\u0101sviela: karm\u012bns, konservants E250. Ener\u0123\u0113tisk\u0101 un uzturv\u0113rt\u012bba 100g: 406kJ\/97kcal, tauki 2,2g, tostarp pies\u0101tin\u0101t\u0101s tauksk\u0101bes 1,05g, og\u013chidr\u0101ti 1g, tostarp cukuri 0,7g, olbaltumvielas 18,4g, s\u0101ls 3g. Izcelsmes vieta ES. Uzglab\u0101\u0161anas nosac\u012bjumi: 0&#8230;+6C.<\/p>\n","protected":false},"excerpt":{"rendered":"<p>9.99 \u20ac\/kg<\/p>\n","protected":false},"featured_media":1246181,"template":"","meta":{"_acf_changed":false,"inline_featured_image":false},"product_cat":[135,174],"product_tag":[],"acf":[],"aioseo_notices":[],"_links":{"self":[{"href":"https:\/\/ventspils.citro.lv\/ru\/wp-json\/wp\/v2\/product\/187303"}],"collection":[{"href":"https:\/\/ventspils.citro.lv\/ru\/wp-json\/wp\/v2\/product"}],"about":[{"href":"https:\/\/ventspils.citro.lv\/ru\/wp-json\/wp\/v2\/types\/product"}],"wp:featuredmedia":[{"embeddable":true,"href":"https:\/\/ventspils.citro.lv\/ru\/wp-json\/wp\/v2\/media\/1246181"}],"wp:attachment":[{"href":"https:\/\/ventspils.citro.lv\/ru\/wp-json\/wp\/v2\/media?parent=187303"}],"wp:term":[{"taxonomy":"product_cat","embeddable":true,"href":"https:\/\/ventspils.citro.lv\/ru\/wp-json\/wp\/v2\/product_cat?post=187303"},{"taxonomy":"product_tag","embeddable":true,"href":"https:\/\/ventspils.citro.lv\/ru\/wp-json\/wp\/v2\/product_tag?post=187303"}],"curies":[{"name":"wp","href":"https:\/\/api.w.org\/{rel}","templated":true}]}}