{"id":18723,"date":"2025-11-13T01:45:02","date_gmt":"2025-11-12T23:45:02","guid":{"rendered":"https:\/\/ventspils.citro.lv\/veikals\/saldejuma-sendvics-vanilas-ar-rozinem-180ml-96g\/"},"modified":"2025-11-13T01:45:12","modified_gmt":"2025-11-12T23:45:12","slug":"saldejums-aurum-sendvics-van-ar-rozinem-180ml-96g","status":"publish","type":"product","link":"https:\/\/ventspils.citro.lv\/ru\/veikals\/saldejums-aurum-sendvics-van-ar-rozinem-180ml-96g\/","title":{"rendered":"Sald\u0113jums Aurum sendvi\u010ds van.ar roz\u012bn\u0113m 180ml\/96g"},"content":{"rendered":"","protected":false},"excerpt":{"rendered":"<p>4.39 \u20ac\/ml<\/p>\n","protected":false},"featured_media":1159026,"template":"","meta":{"_acf_changed":false,"inline_featured_image":false},"product_cat":[233,555],"product_tag":[],"acf":[],"aioseo_notices":[],"_links":{"self":[{"href":"https:\/\/ventspils.citro.lv\/ru\/wp-json\/wp\/v2\/product\/18723"}],"collection":[{"href":"https:\/\/ventspils.citro.lv\/ru\/wp-json\/wp\/v2\/product"}],"about":[{"href":"https:\/\/ventspils.citro.lv\/ru\/wp-json\/wp\/v2\/types\/product"}],"wp:featuredmedia":[{"embeddable":true,"href":"https:\/\/ventspils.citro.lv\/ru\/wp-json\/wp\/v2\/media\/1159026"}],"wp:attachment":[{"href":"https:\/\/ventspils.citro.lv\/ru\/wp-json\/wp\/v2\/media?parent=18723"}],"wp:term":[{"taxonomy":"product_cat","embeddable":true,"href":"https:\/\/ventspils.citro.lv\/ru\/wp-json\/wp\/v2\/product_cat?post=18723"},{"taxonomy":"product_tag","embeddable":true,"href":"https:\/\/ventspils.citro.lv\/ru\/wp-json\/wp\/v2\/product_tag?post=18723"}],"curies":[{"name":"wp","href":"https:\/\/api.w.org\/{rel}","templated":true}]}}