{"id":18713,"date":"2026-04-24T07:13:01","date_gmt":"2026-04-24T04:13:01","guid":{"rendered":"https:\/\/ventspils.citro.lv\/veikals\/saldejums-druva-olu-likiera-ar-marmsok-roz-1000ml-500g\/"},"modified":"2026-04-24T07:13:11","modified_gmt":"2026-04-24T04:13:11","slug":"saldejums-druva-olu-likiera-ar-marmsok-roz-1000ml-500g","status":"publish","type":"product","link":"https:\/\/ventspils.citro.lv\/ru\/veikals\/saldejums-druva-olu-likiera-ar-marmsok-roz-1000ml-500g\/","title":{"rendered":"Sald\u0113jums Druva olu li\u0137iera ar marm,\u0161ok, roz 1000ml\/500g"},"content":{"rendered":"","protected":false},"excerpt":{"rendered":"<p>11.98 \u20ac\/kg<\/p>\n","protected":false},"featured_media":1252234,"template":"","meta":{"_acf_changed":false,"inline_featured_image":false},"product_cat":[233,546],"product_tag":[],"acf":[],"aioseo_notices":[],"_links":{"self":[{"href":"https:\/\/ventspils.citro.lv\/ru\/wp-json\/wp\/v2\/product\/18713"}],"collection":[{"href":"https:\/\/ventspils.citro.lv\/ru\/wp-json\/wp\/v2\/product"}],"about":[{"href":"https:\/\/ventspils.citro.lv\/ru\/wp-json\/wp\/v2\/types\/product"}],"wp:featuredmedia":[{"embeddable":true,"href":"https:\/\/ventspils.citro.lv\/ru\/wp-json\/wp\/v2\/media\/1252234"}],"wp:attachment":[{"href":"https:\/\/ventspils.citro.lv\/ru\/wp-json\/wp\/v2\/media?parent=18713"}],"wp:term":[{"taxonomy":"product_cat","embeddable":true,"href":"https:\/\/ventspils.citro.lv\/ru\/wp-json\/wp\/v2\/product_cat?post=18713"},{"taxonomy":"product_tag","embeddable":true,"href":"https:\/\/ventspils.citro.lv\/ru\/wp-json\/wp\/v2\/product_tag?post=18713"}],"curies":[{"name":"wp","href":"https:\/\/api.w.org\/{rel}","templated":true}]}}