{"id":185999,"date":"2026-03-27T05:18:19","date_gmt":"2026-03-27T03:18:19","guid":{"rendered":"https:\/\/ventspils.citro.lv\/veikals\/matu-krasa-palette-a10-ipasi-pelnu-blonds-100ml\/"},"modified":"2026-03-27T05:18:29","modified_gmt":"2026-03-27T03:18:29","slug":"matu-krasa-palette-a10-ipasi-pelnu-blonds-100ml","status":"publish","type":"product","link":"https:\/\/ventspils.citro.lv\/ru\/veikals\/matu-krasa-palette-a10-ipasi-pelnu-blonds-100ml\/","title":{"rendered":"Matu kr\u0101sa Palette A10 \u012bpa\u0161i pelnu blonds 100ml"},"content":{"rendered":"","protected":false},"excerpt":{"rendered":"<p>56.90 \u20ac\/l<\/p>\n","protected":false},"featured_media":1235345,"template":"","meta":{"_acf_changed":false,"inline_featured_image":false},"product_cat":[127,160],"product_tag":[],"acf":[],"aioseo_notices":[],"_links":{"self":[{"href":"https:\/\/ventspils.citro.lv\/ru\/wp-json\/wp\/v2\/product\/185999"}],"collection":[{"href":"https:\/\/ventspils.citro.lv\/ru\/wp-json\/wp\/v2\/product"}],"about":[{"href":"https:\/\/ventspils.citro.lv\/ru\/wp-json\/wp\/v2\/types\/product"}],"wp:featuredmedia":[{"embeddable":true,"href":"https:\/\/ventspils.citro.lv\/ru\/wp-json\/wp\/v2\/media\/1235345"}],"wp:attachment":[{"href":"https:\/\/ventspils.citro.lv\/ru\/wp-json\/wp\/v2\/media?parent=185999"}],"wp:term":[{"taxonomy":"product_cat","embeddable":true,"href":"https:\/\/ventspils.citro.lv\/ru\/wp-json\/wp\/v2\/product_cat?post=185999"},{"taxonomy":"product_tag","embeddable":true,"href":"https:\/\/ventspils.citro.lv\/ru\/wp-json\/wp\/v2\/product_tag?post=185999"}],"curies":[{"name":"wp","href":"https:\/\/api.w.org\/{rel}","templated":true}]}}