{"id":185893,"date":"2026-03-27T04:51:03","date_gmt":"2026-03-27T02:51:03","guid":{"rendered":"https:\/\/ventspils.citro.lv\/veikals\/calis-k-k-atverts\/"},"modified":"2026-03-28T13:18:44","modified_gmt":"2026-03-28T11:18:44","slug":"calis-k-k-atverts-sv","status":"publish","type":"product","link":"https:\/\/ventspils.citro.lv\/ru\/veikals\/calis-k-k-atverts-sv\/","title":{"rendered":"C\u0101lis k\/k atv\u0113rts sv."},"content":{"rendered":"<p>Sast\u0101vda\u013cas: c\u0101lis 97%, s\u0101ls, stabiliz\u0113t\u0101ji (trifosf\u0101ti, apstr\u0101d\u0101tas Eucheuma j\u016brasz\u0101les), dekstroze, biezin\u0101t\u0101ji (ksant\u0101na un gu\u0101ra sve\u0137i), \u0137iploki, baltie pipari. 100g produkta satur: ener\u0123\u0113tisk\u0101 v\u0113rt\u012bba 650kJ\/155kcal, tauki 8,6g, tostarp pies\u0101tin\u0101t\u0101s tauksk\u0101bes 2,2g, og\u013chidr\u0101ti 0,5g, tostarp cukuri 0,1g, olbaltumvielas 19g, s\u0101ls 1,3g. Uzglab\u0101\u0161anas temperat\u016bra: +2&#8230;+6C.<\/p>\n","protected":false},"excerpt":{"rendered":"<p>6.29 \u20ac\/kg<\/p>\n","protected":false},"featured_media":1235245,"template":"","meta":{"_acf_changed":false,"inline_featured_image":false},"product_cat":[135,174],"product_tag":[],"acf":[],"aioseo_notices":[],"_links":{"self":[{"href":"https:\/\/ventspils.citro.lv\/ru\/wp-json\/wp\/v2\/product\/185893"}],"collection":[{"href":"https:\/\/ventspils.citro.lv\/ru\/wp-json\/wp\/v2\/product"}],"about":[{"href":"https:\/\/ventspils.citro.lv\/ru\/wp-json\/wp\/v2\/types\/product"}],"wp:featuredmedia":[{"embeddable":true,"href":"https:\/\/ventspils.citro.lv\/ru\/wp-json\/wp\/v2\/media\/1235245"}],"wp:attachment":[{"href":"https:\/\/ventspils.citro.lv\/ru\/wp-json\/wp\/v2\/media?parent=185893"}],"wp:term":[{"taxonomy":"product_cat","embeddable":true,"href":"https:\/\/ventspils.citro.lv\/ru\/wp-json\/wp\/v2\/product_cat?post=185893"},{"taxonomy":"product_tag","embeddable":true,"href":"https:\/\/ventspils.citro.lv\/ru\/wp-json\/wp\/v2\/product_tag?post=185893"}],"curies":[{"name":"wp","href":"https:\/\/api.w.org\/{rel}","templated":true}]}}