{"id":185543,"date":"2026-05-06T01:57:03","date_gmt":"2026-05-05T22:57:03","guid":{"rendered":"https:\/\/ventspils.citro.lv\/veikals\/burkani-kraukskigie-suncrisp-200g-portugale-1-sk\/"},"modified":"2026-05-06T01:57:12","modified_gmt":"2026-05-05T22:57:12","slug":"burkani-kraukskigie-suncrisp-200g-2-sk-portugale","status":"publish","type":"product","link":"https:\/\/ventspils.citro.lv\/ru\/veikals\/burkani-kraukskigie-suncrisp-200g-2-sk-portugale\/","title":{"rendered":"Burk\u0101ni krauk\u0161\u0137\u012bgie suncrisp 200g 2.\u0161\u0137 Portug\u0101le"},"content":{"rendered":"","protected":false},"excerpt":{"rendered":"<p>5.45 \u20ac\/kg<\/p>\n","protected":false},"featured_media":1256124,"template":"","meta":{"_acf_changed":false,"inline_featured_image":false},"product_cat":[97,99],"product_tag":[],"acf":[],"aioseo_notices":[],"_links":{"self":[{"href":"https:\/\/ventspils.citro.lv\/ru\/wp-json\/wp\/v2\/product\/185543"}],"collection":[{"href":"https:\/\/ventspils.citro.lv\/ru\/wp-json\/wp\/v2\/product"}],"about":[{"href":"https:\/\/ventspils.citro.lv\/ru\/wp-json\/wp\/v2\/types\/product"}],"wp:featuredmedia":[{"embeddable":true,"href":"https:\/\/ventspils.citro.lv\/ru\/wp-json\/wp\/v2\/media\/1256124"}],"wp:attachment":[{"href":"https:\/\/ventspils.citro.lv\/ru\/wp-json\/wp\/v2\/media?parent=185543"}],"wp:term":[{"taxonomy":"product_cat","embeddable":true,"href":"https:\/\/ventspils.citro.lv\/ru\/wp-json\/wp\/v2\/product_cat?post=185543"},{"taxonomy":"product_tag","embeddable":true,"href":"https:\/\/ventspils.citro.lv\/ru\/wp-json\/wp\/v2\/product_tag?post=185543"}],"curies":[{"name":"wp","href":"https:\/\/api.w.org\/{rel}","templated":true}]}}