{"id":185142,"date":"2026-03-04T02:12:50","date_gmt":"2026-03-04T00:12:50","guid":{"rendered":"https:\/\/ventspils.citro.lv\/veikals\/vaidzins-kupinats-c-g\/"},"modified":"2026-03-04T02:13:01","modified_gmt":"2026-03-04T00:13:01","slug":"vaidzins-kupinats-c-g","status":"publish","type":"product","link":"https:\/\/ventspils.citro.lv\/ru\/veikals\/vaidzins-kupinats-c-g\/","title":{"rendered":"Vaidzi\u0146\u0161 k\u016bpin\u0101ts c\/g"},"content":{"rendered":"<p>Sast\u0101vda\u013cas: c\u016bkga\u013cas vaigi, \u016bdens, stabiliz\u0113t\u0101ji: modific\u0113ta ciete E1442, E407a, E452, sk\u0101buma regul\u0113t\u0101ji: E451, E331, E262, E330, dekstroze, SOJAS olbaltumvielas izol\u0101ts, c\u016bkga\u013cas olbaltumvielas, rauga ekstrakts, antioksidanti: E316, E301, E300, gar\u0161vielas, biezin\u0101t\u0101js E415, aromatiz\u0113t\u0101js, k\u016bpin\u0101\u0161anas aromatiz\u0113t\u0101js, s\u0101ls, gar\u0161as un smar\u017eas pastiprin\u0101t\u0101js E621, glikozes s\u012brups, arom\u0101tvielas (p\u0101rvad\u0101t\u0101ji: maltodekstr\u012bns, E1450, saulespu\u0137u e\u013c\u013ca), LAKTOZE, ga\u013cas pigments, konservants E250. Ga\u013cas izejvielas izcelsme ES. Ener\u0123\u0113tisk\u0101 un uzturv\u0113rt\u012bba: 100g produkta stur 1987kJ\/483kcal, taukus 53,12g, tostarp pies\u0101tin\u0101t\u0101s tauksk\u0101bes 22,43g, og\u013chidr\u0101tus 0,11g, tostarp cukuri 0,05g, olbaltumvielas 1,14g, s\u0101ls 2,31g. P\u0113c iepakojuma atv\u0113r\u0161anas izlietot 72h laik\u0101. Uzglab\u0101\u0161anas temperat\u016bra: +2&#8230;+6C.<\/p>\n","protected":false},"excerpt":{"rendered":"<p>5.99 \u20ac\/kg<\/p>\n","protected":false},"featured_media":1221072,"template":"","meta":{"_acf_changed":false,"inline_featured_image":false},"product_cat":[135,174],"product_tag":[],"acf":[],"aioseo_notices":[],"_links":{"self":[{"href":"https:\/\/ventspils.citro.lv\/ru\/wp-json\/wp\/v2\/product\/185142"}],"collection":[{"href":"https:\/\/ventspils.citro.lv\/ru\/wp-json\/wp\/v2\/product"}],"about":[{"href":"https:\/\/ventspils.citro.lv\/ru\/wp-json\/wp\/v2\/types\/product"}],"wp:featuredmedia":[{"embeddable":true,"href":"https:\/\/ventspils.citro.lv\/ru\/wp-json\/wp\/v2\/media\/1221072"}],"wp:attachment":[{"href":"https:\/\/ventspils.citro.lv\/ru\/wp-json\/wp\/v2\/media?parent=185142"}],"wp:term":[{"taxonomy":"product_cat","embeddable":true,"href":"https:\/\/ventspils.citro.lv\/ru\/wp-json\/wp\/v2\/product_cat?post=185142"},{"taxonomy":"product_tag","embeddable":true,"href":"https:\/\/ventspils.citro.lv\/ru\/wp-json\/wp\/v2\/product_tag?post=185142"}],"curies":[{"name":"wp","href":"https:\/\/api.w.org\/{rel}","templated":true}]}}