{"id":185055,"date":"2026-04-14T03:33:14","date_gmt":"2026-04-14T00:33:14","guid":{"rendered":"https:\/\/ventspils.citro.lv\/veikals\/konfeksu-karba-pergale-classic-ar-tumso-sokoladi-114g\/"},"modified":"2026-04-14T03:33:18","modified_gmt":"2026-04-14T00:33:18","slug":"konfeksu-karba-tumsa-pergale-classic-114g","status":"publish","type":"product","link":"https:\/\/ventspils.citro.lv\/ru\/veikals\/konfeksu-karba-tumsa-pergale-classic-114g\/","title":{"rendered":"Konfek\u0161u k\u0101rba tum\u0161\u0101 Pergale Classic 114g"},"content":{"rendered":"","protected":false},"excerpt":{"rendered":"<p>29.74 \u20ac\/kg<\/p>\n","protected":false},"featured_media":1245500,"template":"","meta":{"_acf_changed":false,"inline_featured_image":false},"product_cat":[125,200],"product_tag":[],"acf":[],"aioseo_notices":[],"_links":{"self":[{"href":"https:\/\/ventspils.citro.lv\/ru\/wp-json\/wp\/v2\/product\/185055"}],"collection":[{"href":"https:\/\/ventspils.citro.lv\/ru\/wp-json\/wp\/v2\/product"}],"about":[{"href":"https:\/\/ventspils.citro.lv\/ru\/wp-json\/wp\/v2\/types\/product"}],"wp:featuredmedia":[{"embeddable":true,"href":"https:\/\/ventspils.citro.lv\/ru\/wp-json\/wp\/v2\/media\/1245500"}],"wp:attachment":[{"href":"https:\/\/ventspils.citro.lv\/ru\/wp-json\/wp\/v2\/media?parent=185055"}],"wp:term":[{"taxonomy":"product_cat","embeddable":true,"href":"https:\/\/ventspils.citro.lv\/ru\/wp-json\/wp\/v2\/product_cat?post=185055"},{"taxonomy":"product_tag","embeddable":true,"href":"https:\/\/ventspils.citro.lv\/ru\/wp-json\/wp\/v2\/product_tag?post=185055"}],"curies":[{"name":"wp","href":"https:\/\/api.w.org\/{rel}","templated":true}]}}