{"id":184774,"date":"2026-01-18T00:51:03","date_gmt":"2026-01-17T22:51:03","guid":{"rendered":"https:\/\/ventspils.citro.lv\/veikals\/siers-preilis-50\/"},"modified":"2026-01-18T00:51:10","modified_gmt":"2026-01-17T22:51:10","slug":"siers-preilis-50","status":"publish","type":"product","link":"https:\/\/ventspils.citro.lv\/ru\/veikals\/siers-preilis-50\/","title":{"rendered":"Siers Preilis 50%"},"content":{"rendered":"<p>Sast\u0101vda\u013cas: PIENS, p\u0101rtikas s\u0101ls, piensk\u0101bo bakt\u0113riju ieraugs, recin\u0101\u0161anas ferments. Uzturv\u0113rt\u012bba 100g produkta: ener\u0123\u0113tisk\u0101 v\u0113rt\u012bba 1619kJ\/390kcal, tauki 31,7g, tostarp pies\u0101tin\u0101t\u0101s tauksk\u0101bes 21,6g, og\u013chidr\u0101ti 0g, tostarp cukuri 0g, olbaltumvielas 23,1g, s\u0101ls 1,7g. Uzglab\u0101\u0161anas temperat\u016bra: +2&#8230;+6C. P\u0113c atv\u0113r\u0161anas izlietot 10 dienu laik\u0101, nep\u0101rsniedzot nor\u0101d\u012bto datumu uz iepakojuma.<\/p>\n","protected":false},"excerpt":{"rendered":"<p>10.99 \u20ac\/kg<\/p>\n","protected":false},"featured_media":1195668,"template":"","meta":{"_acf_changed":false,"inline_featured_image":false},"product_cat":[600,95],"product_tag":[],"acf":[],"aioseo_notices":[],"_links":{"self":[{"href":"https:\/\/ventspils.citro.lv\/ru\/wp-json\/wp\/v2\/product\/184774"}],"collection":[{"href":"https:\/\/ventspils.citro.lv\/ru\/wp-json\/wp\/v2\/product"}],"about":[{"href":"https:\/\/ventspils.citro.lv\/ru\/wp-json\/wp\/v2\/types\/product"}],"wp:featuredmedia":[{"embeddable":true,"href":"https:\/\/ventspils.citro.lv\/ru\/wp-json\/wp\/v2\/media\/1195668"}],"wp:attachment":[{"href":"https:\/\/ventspils.citro.lv\/ru\/wp-json\/wp\/v2\/media?parent=184774"}],"wp:term":[{"taxonomy":"product_cat","embeddable":true,"href":"https:\/\/ventspils.citro.lv\/ru\/wp-json\/wp\/v2\/product_cat?post=184774"},{"taxonomy":"product_tag","embeddable":true,"href":"https:\/\/ventspils.citro.lv\/ru\/wp-json\/wp\/v2\/product_tag?post=184774"}],"curies":[{"name":"wp","href":"https:\/\/api.w.org\/{rel}","templated":true}]}}