{"id":184762,"date":"2026-03-27T04:57:15","date_gmt":"2026-03-27T02:57:15","guid":{"rendered":"https:\/\/ventspils.citro.lv\/veikals\/vafelu-glazites-6gb-210g\/"},"modified":"2026-03-27T04:57:20","modified_gmt":"2026-03-27T02:57:20","slug":"vafelu-glazites-6gb-210g","status":"publish","type":"product","link":"https:\/\/ventspils.citro.lv\/ru\/veikals\/vafelu-glazites-6gb-210g\/","title":{"rendered":"Vafe\u013cu gl\u0101z\u012btes 6gb 210g"},"content":{"rendered":"","protected":false},"excerpt":{"rendered":"<p>28.29 \u20ac\/kg<\/p>\n","protected":false},"featured_media":1235270,"template":"","meta":{"_acf_changed":false,"inline_featured_image":false},"product_cat":[125,209],"product_tag":[],"acf":[],"aioseo_notices":[],"_links":{"self":[{"href":"https:\/\/ventspils.citro.lv\/ru\/wp-json\/wp\/v2\/product\/184762"}],"collection":[{"href":"https:\/\/ventspils.citro.lv\/ru\/wp-json\/wp\/v2\/product"}],"about":[{"href":"https:\/\/ventspils.citro.lv\/ru\/wp-json\/wp\/v2\/types\/product"}],"wp:featuredmedia":[{"embeddable":true,"href":"https:\/\/ventspils.citro.lv\/ru\/wp-json\/wp\/v2\/media\/1235270"}],"wp:attachment":[{"href":"https:\/\/ventspils.citro.lv\/ru\/wp-json\/wp\/v2\/media?parent=184762"}],"wp:term":[{"taxonomy":"product_cat","embeddable":true,"href":"https:\/\/ventspils.citro.lv\/ru\/wp-json\/wp\/v2\/product_cat?post=184762"},{"taxonomy":"product_tag","embeddable":true,"href":"https:\/\/ventspils.citro.lv\/ru\/wp-json\/wp\/v2\/product_tag?post=184762"}],"curies":[{"name":"wp","href":"https:\/\/api.w.org\/{rel}","templated":true}]}}