{"id":184742,"date":"2026-03-31T02:03:14","date_gmt":"2026-03-30T23:03:14","guid":{"rendered":"https:\/\/ventspils.citro.lv\/veikals\/ledene-chich-melody-pops-15g\/"},"modified":"2026-03-31T02:03:20","modified_gmt":"2026-03-30T23:03:20","slug":"ledene-chich-melody-pops-15g","status":"publish","type":"product","link":"https:\/\/ventspils.citro.lv\/ru\/veikals\/ledene-chich-melody-pops-15g\/","title":{"rendered":"Ledene Chich Melody pops 15g"},"content":{"rendered":"<p>cukurs, glikozes s\u012brups, sk\u0101bes(E270, E296, E330), aromatiz\u0113t\u0101js, kr\u0101sviela(E162).<\/p>\n","protected":false},"excerpt":{"rendered":"<p>35.33 \u20ac\/kg<\/p>\n","protected":false},"featured_media":1237796,"template":"","meta":{"_acf_changed":false,"inline_featured_image":false},"product_cat":[533,125],"product_tag":[],"acf":[],"aioseo_notices":[],"_links":{"self":[{"href":"https:\/\/ventspils.citro.lv\/ru\/wp-json\/wp\/v2\/product\/184742"}],"collection":[{"href":"https:\/\/ventspils.citro.lv\/ru\/wp-json\/wp\/v2\/product"}],"about":[{"href":"https:\/\/ventspils.citro.lv\/ru\/wp-json\/wp\/v2\/types\/product"}],"wp:featuredmedia":[{"embeddable":true,"href":"https:\/\/ventspils.citro.lv\/ru\/wp-json\/wp\/v2\/media\/1237796"}],"wp:attachment":[{"href":"https:\/\/ventspils.citro.lv\/ru\/wp-json\/wp\/v2\/media?parent=184742"}],"wp:term":[{"taxonomy":"product_cat","embeddable":true,"href":"https:\/\/ventspils.citro.lv\/ru\/wp-json\/wp\/v2\/product_cat?post=184742"},{"taxonomy":"product_tag","embeddable":true,"href":"https:\/\/ventspils.citro.lv\/ru\/wp-json\/wp\/v2\/product_tag?post=184742"}],"curies":[{"name":"wp","href":"https:\/\/api.w.org\/{rel}","templated":true}]}}