{"id":184516,"date":"2026-04-12T00:57:25","date_gmt":"2026-04-11T21:57:25","guid":{"rendered":"https:\/\/ventspils.citro.lv\/veikals\/krutina-majas-gaume\/"},"modified":"2026-04-12T00:57:31","modified_gmt":"2026-04-11T21:57:31","slug":"krutina-majas-gaume","status":"publish","type":"product","link":"https:\/\/ventspils.citro.lv\/ru\/veikals\/krutina-majas-gaume\/","title":{"rendered":"Kr\u016bti\u0146a m\u0101jas gaum\u0113"},"content":{"rendered":"<p>Sast\u0101vda\u013cas: c\u016bkas kr\u016bti\u0146a ar ribu, s\u0101ls, sk\u0101buma regul\u0113t\u0101js trifosf\u0101ts, ciete, stabiliz\u0101tori: apstr\u0101d\u0101tas Eucheuma j\u016brasz\u0101les, &#171;Konjac&#187;, difosf\u0101ts, gar\u0161as pastiprin\u0101t\u0101js n\u0101trija glutam\u0101ts, antioksidants n\u0101trija eritorb\u0101ts, biezin\u0101t\u0101js ksant\u0101na sve\u0137i, kvie\u0161u \u0161\u0137iedrviela, melnie pipari, eti\u0137is, \u0137iploku ekstrakts, gar\u0161vielas, arom\u0101tvielas, konservants n\u0101trija nitr\u012bts. 100g ener\u0123\u0113tisk\u0101 un uzturv\u0113rt\u012bba: 1738kJ\/421kcal, tauki 41g, tostarp pies\u0101tin\u0101t\u0101s tauksk\u0101bes 18.5g, og\u013chidr\u0101ti 0g, tostarp  cukuri 0g, olbaltumvielas 13g, s\u0101ls 2.2g. Uzglab\u0101\u0161anas t\u00b0 no 0\u00b0 l\u012bdz +6\u00b0C<\/p>\n","protected":false},"excerpt":{"rendered":"<p>8.99 \u20ac\/kg<\/p>\n","protected":false},"featured_media":1244703,"template":"","meta":{"_acf_changed":false,"inline_featured_image":false},"product_cat":[135,174],"product_tag":[],"acf":[],"aioseo_notices":[],"_links":{"self":[{"href":"https:\/\/ventspils.citro.lv\/ru\/wp-json\/wp\/v2\/product\/184516"}],"collection":[{"href":"https:\/\/ventspils.citro.lv\/ru\/wp-json\/wp\/v2\/product"}],"about":[{"href":"https:\/\/ventspils.citro.lv\/ru\/wp-json\/wp\/v2\/types\/product"}],"wp:featuredmedia":[{"embeddable":true,"href":"https:\/\/ventspils.citro.lv\/ru\/wp-json\/wp\/v2\/media\/1244703"}],"wp:attachment":[{"href":"https:\/\/ventspils.citro.lv\/ru\/wp-json\/wp\/v2\/media?parent=184516"}],"wp:term":[{"taxonomy":"product_cat","embeddable":true,"href":"https:\/\/ventspils.citro.lv\/ru\/wp-json\/wp\/v2\/product_cat?post=184516"},{"taxonomy":"product_tag","embeddable":true,"href":"https:\/\/ventspils.citro.lv\/ru\/wp-json\/wp\/v2\/product_tag?post=184516"}],"curies":[{"name":"wp","href":"https:\/\/api.w.org\/{rel}","templated":true}]}}