{"id":18397,"date":"2026-04-14T03:03:02","date_gmt":"2026-04-14T00:03:02","guid":{"rendered":"https:\/\/ventspils.citro.lv\/veikals\/pelmeni-tradicionalie-majas-1kg\/"},"modified":"2026-04-14T03:03:07","modified_gmt":"2026-04-14T00:03:07","slug":"pelmeni-tradicionalie-majas-rgk-1kg","status":"publish","type":"product","link":"https:\/\/ventspils.citro.lv\/ru\/veikals\/pelmeni-tradicionalie-majas-rgk-1kg\/","title":{"rendered":"Pelme\u0146i Tradicion\u0101lie M\u0101jas RGK 1kg"},"content":{"rendered":"","protected":false},"excerpt":{"rendered":"<p>4.79 \u20ac\/kg<\/p>\n","protected":false},"featured_media":1245353,"template":"","meta":{"_acf_changed":false,"inline_featured_image":false},"product_cat":[539,231],"product_tag":[],"acf":[],"aioseo_notices":[],"_links":{"self":[{"href":"https:\/\/ventspils.citro.lv\/ru\/wp-json\/wp\/v2\/product\/18397"}],"collection":[{"href":"https:\/\/ventspils.citro.lv\/ru\/wp-json\/wp\/v2\/product"}],"about":[{"href":"https:\/\/ventspils.citro.lv\/ru\/wp-json\/wp\/v2\/types\/product"}],"wp:featuredmedia":[{"embeddable":true,"href":"https:\/\/ventspils.citro.lv\/ru\/wp-json\/wp\/v2\/media\/1245353"}],"wp:attachment":[{"href":"https:\/\/ventspils.citro.lv\/ru\/wp-json\/wp\/v2\/media?parent=18397"}],"wp:term":[{"taxonomy":"product_cat","embeddable":true,"href":"https:\/\/ventspils.citro.lv\/ru\/wp-json\/wp\/v2\/product_cat?post=18397"},{"taxonomy":"product_tag","embeddable":true,"href":"https:\/\/ventspils.citro.lv\/ru\/wp-json\/wp\/v2\/product_tag?post=18397"}],"curies":[{"name":"wp","href":"https:\/\/api.w.org\/{rel}","templated":true}]}}