{"id":183940,"date":"2025-09-03T00:51:51","date_gmt":"2025-09-02T21:51:51","guid":{"rendered":"https:\/\/ventspils.citro.lv\/veikals\/fermenta-200g\/"},"modified":"2026-04-02T20:43:32","modified_gmt":"2026-04-02T17:43:32","slug":"traipu-tirisanas-pulveris-fermenta-200g","status":"publish","type":"product","link":"https:\/\/ventspils.citro.lv\/ru\/veikals\/traipu-tirisanas-pulveris-fermenta-200g\/","title":{"rendered":"Traipu t\u012br\u012b\u0161anas pulveris Fermenta 200g"},"content":{"rendered":"","protected":false},"excerpt":{"rendered":"<p>5.95 \u20ac\/kg<\/p>\n","protected":false},"featured_media":1118593,"template":"","meta":{"_acf_changed":false,"inline_featured_image":false},"product_cat":[131,184],"product_tag":[],"acf":[],"aioseo_notices":[],"_links":{"self":[{"href":"https:\/\/ventspils.citro.lv\/ru\/wp-json\/wp\/v2\/product\/183940"}],"collection":[{"href":"https:\/\/ventspils.citro.lv\/ru\/wp-json\/wp\/v2\/product"}],"about":[{"href":"https:\/\/ventspils.citro.lv\/ru\/wp-json\/wp\/v2\/types\/product"}],"wp:featuredmedia":[{"embeddable":true,"href":"https:\/\/ventspils.citro.lv\/ru\/wp-json\/wp\/v2\/media\/1118593"}],"wp:attachment":[{"href":"https:\/\/ventspils.citro.lv\/ru\/wp-json\/wp\/v2\/media?parent=183940"}],"wp:term":[{"taxonomy":"product_cat","embeddable":true,"href":"https:\/\/ventspils.citro.lv\/ru\/wp-json\/wp\/v2\/product_cat?post=183940"},{"taxonomy":"product_tag","embeddable":true,"href":"https:\/\/ventspils.citro.lv\/ru\/wp-json\/wp\/v2\/product_tag?post=183940"}],"curies":[{"name":"wp","href":"https:\/\/api.w.org\/{rel}","templated":true}]}}