{"id":18378,"date":"2026-03-17T05:48:14","date_gmt":"2026-03-17T03:48:14","guid":{"rendered":"https:\/\/ventspils.citro.lv\/veikals\/saldejums-majas-gotina-uz-kocina-120ml-75g\/"},"modified":"2026-03-17T05:48:23","modified_gmt":"2026-03-17T03:48:23","slug":"saldejums-majas-gotina-uz-kocina-120ml-70g","status":"publish","type":"product","link":"https:\/\/ventspils.citro.lv\/ru\/veikals\/saldejums-majas-gotina-uz-kocina-120ml-70g\/","title":{"rendered":"Sald\u0113jums M\u0101jas Goti\u0146a uz koci\u0146a 120ml\/70g"},"content":{"rendered":"","protected":false},"excerpt":{"rendered":"<p>15.57 \u20ac\/kg<\/p>\n","protected":false},"featured_media":1226850,"template":"","meta":{"_acf_changed":false,"inline_featured_image":false},"product_cat":[233,555],"product_tag":[],"acf":[],"aioseo_notices":[],"_links":{"self":[{"href":"https:\/\/ventspils.citro.lv\/ru\/wp-json\/wp\/v2\/product\/18378"}],"collection":[{"href":"https:\/\/ventspils.citro.lv\/ru\/wp-json\/wp\/v2\/product"}],"about":[{"href":"https:\/\/ventspils.citro.lv\/ru\/wp-json\/wp\/v2\/types\/product"}],"wp:featuredmedia":[{"embeddable":true,"href":"https:\/\/ventspils.citro.lv\/ru\/wp-json\/wp\/v2\/media\/1226850"}],"wp:attachment":[{"href":"https:\/\/ventspils.citro.lv\/ru\/wp-json\/wp\/v2\/media?parent=18378"}],"wp:term":[{"taxonomy":"product_cat","embeddable":true,"href":"https:\/\/ventspils.citro.lv\/ru\/wp-json\/wp\/v2\/product_cat?post=18378"},{"taxonomy":"product_tag","embeddable":true,"href":"https:\/\/ventspils.citro.lv\/ru\/wp-json\/wp\/v2\/product_tag?post=18378"}],"curies":[{"name":"wp","href":"https:\/\/api.w.org\/{rel}","templated":true}]}}