{"id":183768,"date":"2026-01-26T01:06:34","date_gmt":"2026-01-25T23:06:34","guid":{"rendered":"https:\/\/ventspils.citro.lv\/veikals\/pankuka-ar-krabju-nujinam-gb\/"},"modified":"2026-03-23T10:13:44","modified_gmt":"2026-03-23T08:13:44","slug":"pankukas-ar-krabju-nujinam-gb","status":"publish","type":"product","link":"https:\/\/ventspils.citro.lv\/ru\/veikals\/pankukas-ar-krabju-nujinam-gb\/","title":{"rendered":"Pank\u016bkas ar krabju n\u016bji\u0146\u0101m gb"},"content":{"rendered":"<p>Sast\u0101vs:KVIE\u0160U milti;OLAS; sk\u0101bais KR\u0112JUMS; KRABJU N\u016aJI\u0145AS ; MAJON\u0112ZE; cukurs; p\u0101rtikas s\u0101ls; rafin\u0113ta rap\u0161u e\u013c\u013ca;  Ra\u017eot\u0101js Sia Di\u0101na Bistro.Uzglab\u0101t t pie +2 l\u012bdz +6 C<\/p>\n","protected":false},"excerpt":{"rendered":"<p>8.33 \u20ac\/gb<\/p>\n","protected":false},"featured_media":1198051,"template":"","meta":{"_acf_changed":false,"inline_featured_image":false},"product_cat":[531,113],"product_tag":[],"acf":[],"aioseo_notices":[],"_links":{"self":[{"href":"https:\/\/ventspils.citro.lv\/ru\/wp-json\/wp\/v2\/product\/183768"}],"collection":[{"href":"https:\/\/ventspils.citro.lv\/ru\/wp-json\/wp\/v2\/product"}],"about":[{"href":"https:\/\/ventspils.citro.lv\/ru\/wp-json\/wp\/v2\/types\/product"}],"wp:featuredmedia":[{"embeddable":true,"href":"https:\/\/ventspils.citro.lv\/ru\/wp-json\/wp\/v2\/media\/1198051"}],"wp:attachment":[{"href":"https:\/\/ventspils.citro.lv\/ru\/wp-json\/wp\/v2\/media?parent=183768"}],"wp:term":[{"taxonomy":"product_cat","embeddable":true,"href":"https:\/\/ventspils.citro.lv\/ru\/wp-json\/wp\/v2\/product_cat?post=183768"},{"taxonomy":"product_tag","embeddable":true,"href":"https:\/\/ventspils.citro.lv\/ru\/wp-json\/wp\/v2\/product_tag?post=183768"}],"curies":[{"name":"wp","href":"https:\/\/api.w.org\/{rel}","templated":true}]}}