{"id":183553,"date":"2026-01-26T00:49:04","date_gmt":"2026-01-25T22:49:04","guid":{"rendered":"https:\/\/ventspils.citro.lv\/veikals\/pankukas-ar-sieru\/"},"modified":"2026-04-04T11:07:55","modified_gmt":"2026-04-04T08:07:55","slug":"pankukas-ar-sieru","status":"publish","type":"product","link":"https:\/\/ventspils.citro.lv\/ru\/veikals\/pankukas-ar-sieru\/","title":{"rendered":"Pank\u016bkas ar sieru"},"content":{"rendered":"<p>Sast\u0101vs MILTI,\u016bdens,s\u0101ls, sk\u0101b.KR\u0112JUMS,OLAS,cukurs,e\u013c\u013ca.Pild\u012bjums: SIERS.Ra\u017eot\u0101js Sia Di\u0101na Bistro.Uzglab\u0101t t pie +2 l\u012bdz +6 C<\/p>\n","protected":false},"excerpt":{"rendered":"<p>0.79 \u20ac\/gb<\/p>\n","protected":false},"featured_media":1197996,"template":"","meta":{"_acf_changed":false,"inline_featured_image":false},"product_cat":[531,113],"product_tag":[],"acf":[],"aioseo_notices":[],"_links":{"self":[{"href":"https:\/\/ventspils.citro.lv\/ru\/wp-json\/wp\/v2\/product\/183553"}],"collection":[{"href":"https:\/\/ventspils.citro.lv\/ru\/wp-json\/wp\/v2\/product"}],"about":[{"href":"https:\/\/ventspils.citro.lv\/ru\/wp-json\/wp\/v2\/types\/product"}],"wp:featuredmedia":[{"embeddable":true,"href":"https:\/\/ventspils.citro.lv\/ru\/wp-json\/wp\/v2\/media\/1197996"}],"wp:attachment":[{"href":"https:\/\/ventspils.citro.lv\/ru\/wp-json\/wp\/v2\/media?parent=183553"}],"wp:term":[{"taxonomy":"product_cat","embeddable":true,"href":"https:\/\/ventspils.citro.lv\/ru\/wp-json\/wp\/v2\/product_cat?post=183553"},{"taxonomy":"product_tag","embeddable":true,"href":"https:\/\/ventspils.citro.lv\/ru\/wp-json\/wp\/v2\/product_tag?post=183553"}],"curies":[{"name":"wp","href":"https:\/\/api.w.org\/{rel}","templated":true}]}}