{"id":183162,"date":"2026-04-28T02:18:53","date_gmt":"2026-04-27T23:18:53","guid":{"rendered":"https:\/\/ventspils.citro.lv\/veikals\/cuku-meles-svaigas\/"},"modified":"2026-04-28T02:19:06","modified_gmt":"2026-04-27T23:19:06","slug":"cuku-meles-svaigas","status":"publish","type":"product","link":"https:\/\/ventspils.citro.lv\/ru\/veikals\/cuku-meles-svaigas\/","title":{"rendered":"C\u016bku m\u0113les svaigas"},"content":{"rendered":"<p>Uzgl: 0 l\u012bdz +3,Izcelsme:Latvija<\/p>\n","protected":false},"excerpt":{"rendered":"<p>5.29 \u20ac\/kg<\/p>\n","protected":false},"featured_media":1254030,"template":"","meta":{"_acf_changed":false,"inline_featured_image":false},"product_cat":[577,135],"product_tag":[],"acf":[],"aioseo_notices":[],"_links":{"self":[{"href":"https:\/\/ventspils.citro.lv\/ru\/wp-json\/wp\/v2\/product\/183162"}],"collection":[{"href":"https:\/\/ventspils.citro.lv\/ru\/wp-json\/wp\/v2\/product"}],"about":[{"href":"https:\/\/ventspils.citro.lv\/ru\/wp-json\/wp\/v2\/types\/product"}],"wp:featuredmedia":[{"embeddable":true,"href":"https:\/\/ventspils.citro.lv\/ru\/wp-json\/wp\/v2\/media\/1254030"}],"wp:attachment":[{"href":"https:\/\/ventspils.citro.lv\/ru\/wp-json\/wp\/v2\/media?parent=183162"}],"wp:term":[{"taxonomy":"product_cat","embeddable":true,"href":"https:\/\/ventspils.citro.lv\/ru\/wp-json\/wp\/v2\/product_cat?post=183162"},{"taxonomy":"product_tag","embeddable":true,"href":"https:\/\/ventspils.citro.lv\/ru\/wp-json\/wp\/v2\/product_tag?post=183162"}],"curies":[{"name":"wp","href":"https:\/\/api.w.org\/{rel}","templated":true}]}}