{"id":183095,"date":"2024-08-21T00:51:06","date_gmt":"2024-08-20T21:51:06","guid":{"rendered":"https:\/\/ventspils.citro.lv\/veikals\/pankukas-ar-abolu-pildijumu\/"},"modified":"2026-04-04T11:07:56","modified_gmt":"2026-04-04T08:07:56","slug":"pankukas-ar-abolu-pildijumu","status":"publish","type":"product","link":"https:\/\/ventspils.citro.lv\/ru\/veikals\/pankukas-ar-abolu-pildijumu\/","title":{"rendered":"Pank\u016bkas ar \u0101bolu pild\u012bjumu"},"content":{"rendered":"<p>Sast\u0101v:KVIE\u0160U  milti, OLAS,cukurs.p\u0101rtikas s\u0101ls, termostabils \u0101bolu pild\u012bjums(18%); rafin\u0113ta rap\u0161u e\u013c\u013ca; sk\u0101bais kr\u0113jums.  Ra\u017eot\u0101js Sia Di\u0101na Bistro.Uzglab\u0101t t pie +2 l\u012bdz +6 C<\/p>\n","protected":false},"excerpt":{"rendered":"<p>6.90 \u20ac\/gb<\/p>\n","protected":false},"featured_media":887426,"template":"","meta":{"_acf_changed":false,"inline_featured_image":false},"product_cat":[531,113],"product_tag":[],"acf":[],"aioseo_notices":[],"_links":{"self":[{"href":"https:\/\/ventspils.citro.lv\/ru\/wp-json\/wp\/v2\/product\/183095"}],"collection":[{"href":"https:\/\/ventspils.citro.lv\/ru\/wp-json\/wp\/v2\/product"}],"about":[{"href":"https:\/\/ventspils.citro.lv\/ru\/wp-json\/wp\/v2\/types\/product"}],"wp:featuredmedia":[{"embeddable":true,"href":"https:\/\/ventspils.citro.lv\/ru\/wp-json\/wp\/v2\/media\/887426"}],"wp:attachment":[{"href":"https:\/\/ventspils.citro.lv\/ru\/wp-json\/wp\/v2\/media?parent=183095"}],"wp:term":[{"taxonomy":"product_cat","embeddable":true,"href":"https:\/\/ventspils.citro.lv\/ru\/wp-json\/wp\/v2\/product_cat?post=183095"},{"taxonomy":"product_tag","embeddable":true,"href":"https:\/\/ventspils.citro.lv\/ru\/wp-json\/wp\/v2\/product_tag?post=183095"}],"curies":[{"name":"wp","href":"https:\/\/api.w.org\/{rel}","templated":true}]}}