{"id":18291,"date":"2026-04-24T07:00:27","date_gmt":"2026-04-24T04:00:27","guid":{"rendered":"https:\/\/ventspils.citro.lv\/veikals\/kartupelu-fri-bumbinas-farm-frites-450g\/"},"modified":"2026-05-02T23:25:51","modified_gmt":"2026-05-02T20:25:51","slug":"kartupelu-fri-bumbinas-farm-frites-450g","status":"publish","type":"product","link":"https:\/\/ventspils.citro.lv\/ru\/veikals\/kartupelu-fri-bumbinas-farm-frites-450g\/","title":{"rendered":"Kartupe\u013cu Fr\u012b bumbi\u0146as Farm Frites 450g"},"content":{"rendered":"","protected":false},"excerpt":{"rendered":"<p>3.53 \u20ac\/kg<\/p>\n","protected":false},"featured_media":1252177,"template":"","meta":{"_acf_changed":false,"inline_featured_image":false},"product_cat":[553,231],"product_tag":[],"acf":[],"aioseo_notices":[],"_links":{"self":[{"href":"https:\/\/ventspils.citro.lv\/ru\/wp-json\/wp\/v2\/product\/18291"}],"collection":[{"href":"https:\/\/ventspils.citro.lv\/ru\/wp-json\/wp\/v2\/product"}],"about":[{"href":"https:\/\/ventspils.citro.lv\/ru\/wp-json\/wp\/v2\/types\/product"}],"wp:featuredmedia":[{"embeddable":true,"href":"https:\/\/ventspils.citro.lv\/ru\/wp-json\/wp\/v2\/media\/1252177"}],"wp:attachment":[{"href":"https:\/\/ventspils.citro.lv\/ru\/wp-json\/wp\/v2\/media?parent=18291"}],"wp:term":[{"taxonomy":"product_cat","embeddable":true,"href":"https:\/\/ventspils.citro.lv\/ru\/wp-json\/wp\/v2\/product_cat?post=18291"},{"taxonomy":"product_tag","embeddable":true,"href":"https:\/\/ventspils.citro.lv\/ru\/wp-json\/wp\/v2\/product_tag?post=18291"}],"curies":[{"name":"wp","href":"https:\/\/api.w.org\/{rel}","templated":true}]}}