{"id":18287,"date":"2026-05-12T05:27:13","date_gmt":"2026-05-12T02:27:13","guid":{"rendered":"https:\/\/ventspils.citro.lv\/veikals\/kartupelu-daivinas-saldetas-pati-parts-aviko-600g\/"},"modified":"2026-05-12T05:27:17","modified_gmt":"2026-05-12T02:27:17","slug":"kartupelu-daivinas-saldetas-pati-parts-aviko-600g","status":"publish","type":"product","link":"https:\/\/ventspils.citro.lv\/ru\/veikals\/kartupelu-daivinas-saldetas-pati-parts-aviko-600g\/","title":{"rendered":"Kartupe\u013cu daivi\u0146as sald\u0113tas Pati Parts Aviko 600g"},"content":{"rendered":"","protected":false},"excerpt":{"rendered":"<p>4.65 \u20ac\/kg<\/p>\n","protected":false},"featured_media":1259115,"template":"","meta":{"_acf_changed":false,"inline_featured_image":false},"product_cat":[553,231],"product_tag":[],"acf":[],"aioseo_notices":[],"_links":{"self":[{"href":"https:\/\/ventspils.citro.lv\/ru\/wp-json\/wp\/v2\/product\/18287"}],"collection":[{"href":"https:\/\/ventspils.citro.lv\/ru\/wp-json\/wp\/v2\/product"}],"about":[{"href":"https:\/\/ventspils.citro.lv\/ru\/wp-json\/wp\/v2\/types\/product"}],"wp:featuredmedia":[{"embeddable":true,"href":"https:\/\/ventspils.citro.lv\/ru\/wp-json\/wp\/v2\/media\/1259115"}],"wp:attachment":[{"href":"https:\/\/ventspils.citro.lv\/ru\/wp-json\/wp\/v2\/media?parent=18287"}],"wp:term":[{"taxonomy":"product_cat","embeddable":true,"href":"https:\/\/ventspils.citro.lv\/ru\/wp-json\/wp\/v2\/product_cat?post=18287"},{"taxonomy":"product_tag","embeddable":true,"href":"https:\/\/ventspils.citro.lv\/ru\/wp-json\/wp\/v2\/product_tag?post=18287"}],"curies":[{"name":"wp","href":"https:\/\/api.w.org\/{rel}","templated":true}]}}