{"id":182259,"date":"2026-05-14T01:42:59","date_gmt":"2026-05-13T22:42:59","guid":{"rendered":"https:\/\/ventspils.citro.lv\/veikals\/siers-kausetais-cedarins-latgales-piens-200g\/"},"modified":"2026-05-14T01:43:10","modified_gmt":"2026-05-13T22:43:10","slug":"siers-kausetais-cedarins-latgales-piens-200g","status":"publish","type":"product","link":"https:\/\/ventspils.citro.lv\/ru\/veikals\/siers-kausetais-cedarins-latgales-piens-200g\/","title":{"rendered":"Siers kaus\u0113tais \u010cedari\u0146\u0161 Latgales piens 200g"},"content":{"rendered":"","protected":false},"excerpt":{"rendered":"<p>11.95 \u20ac\/kg<\/p>\n","protected":false},"featured_media":1260485,"template":"","meta":{"_acf_changed":false,"inline_featured_image":false},"product_cat":[95,223],"product_tag":[],"acf":[],"aioseo_notices":[],"_links":{"self":[{"href":"https:\/\/ventspils.citro.lv\/ru\/wp-json\/wp\/v2\/product\/182259"}],"collection":[{"href":"https:\/\/ventspils.citro.lv\/ru\/wp-json\/wp\/v2\/product"}],"about":[{"href":"https:\/\/ventspils.citro.lv\/ru\/wp-json\/wp\/v2\/types\/product"}],"wp:featuredmedia":[{"embeddable":true,"href":"https:\/\/ventspils.citro.lv\/ru\/wp-json\/wp\/v2\/media\/1260485"}],"wp:attachment":[{"href":"https:\/\/ventspils.citro.lv\/ru\/wp-json\/wp\/v2\/media?parent=182259"}],"wp:term":[{"taxonomy":"product_cat","embeddable":true,"href":"https:\/\/ventspils.citro.lv\/ru\/wp-json\/wp\/v2\/product_cat?post=182259"},{"taxonomy":"product_tag","embeddable":true,"href":"https:\/\/ventspils.citro.lv\/ru\/wp-json\/wp\/v2\/product_tag?post=182259"}],"curies":[{"name":"wp","href":"https:\/\/api.w.org\/{rel}","templated":true}]}}