{"id":181807,"date":"2026-04-22T05:54:15","date_gmt":"2026-04-22T02:54:15","guid":{"rendered":"https:\/\/ventspils.citro.lv\/veikals\/koslajama-gumija-chch-big-babol-27-6g\/"},"modified":"2026-04-22T05:54:24","modified_gmt":"2026-04-22T02:54:24","slug":"koslajama-gumija-chch-big-babol-27-6g","status":"publish","type":"product","link":"https:\/\/ventspils.citro.lv\/ru\/veikals\/koslajama-gumija-chch-big-babol-27-6g\/","title":{"rendered":"Ko\u0161\u013c\u0101jam\u0101 gumija CHCH big babol 27.6g"},"content":{"rendered":"<p>Cukurs,gumijas b\u0101ze, glikozes s\u012brups, stabiliz\u0113t\u0101js (glicer\u012bns), aromatiz\u0113t\u0101js, emulgatori (SOJAS lecit\u012bns,tauksk\u0101bju saharozes esteri), antioksidants (E321), kr\u0101sviela (karm\u012bni)<\/p>\n","protected":false},"excerpt":{"rendered":"<p>23.91 \u20ac\/kg<\/p>\n","protected":false},"featured_media":1248486,"template":"","meta":{"_acf_changed":false,"inline_featured_image":false},"product_cat":[365,125],"product_tag":[],"acf":[],"aioseo_notices":[],"_links":{"self":[{"href":"https:\/\/ventspils.citro.lv\/ru\/wp-json\/wp\/v2\/product\/181807"}],"collection":[{"href":"https:\/\/ventspils.citro.lv\/ru\/wp-json\/wp\/v2\/product"}],"about":[{"href":"https:\/\/ventspils.citro.lv\/ru\/wp-json\/wp\/v2\/types\/product"}],"wp:featuredmedia":[{"embeddable":true,"href":"https:\/\/ventspils.citro.lv\/ru\/wp-json\/wp\/v2\/media\/1248486"}],"wp:attachment":[{"href":"https:\/\/ventspils.citro.lv\/ru\/wp-json\/wp\/v2\/media?parent=181807"}],"wp:term":[{"taxonomy":"product_cat","embeddable":true,"href":"https:\/\/ventspils.citro.lv\/ru\/wp-json\/wp\/v2\/product_cat?post=181807"},{"taxonomy":"product_tag","embeddable":true,"href":"https:\/\/ventspils.citro.lv\/ru\/wp-json\/wp\/v2\/product_tag?post=181807"}],"curies":[{"name":"wp","href":"https:\/\/api.w.org\/{rel}","templated":true}]}}