{"id":18162,"date":"2026-04-10T06:03:38","date_gmt":"2026-04-10T03:03:38","guid":{"rendered":"https:\/\/ventspils.citro.lv\/veikals\/vafeles-kex-pilditas-piena-sok-60g-2\/"},"modified":"2026-04-10T06:03:50","modified_gmt":"2026-04-10T03:03:50","slug":"vafeles-kex-pilditas-piena-sok-60g","status":"publish","type":"product","link":"https:\/\/ventspils.citro.lv\/ru\/veikals\/vafeles-kex-pilditas-piena-sok-60g\/","title":{"rendered":"Vafeles Kex pild\u012bt\u0101s piena \u0161ok. 60g"},"content":{"rendered":"","protected":false},"excerpt":{"rendered":"<p>24.17 \u20ac\/kg<\/p>\n","protected":false},"featured_media":1243274,"template":"","meta":{"_acf_changed":false,"inline_featured_image":false},"product_cat":[125,209],"product_tag":[],"acf":[],"aioseo_notices":[],"_links":{"self":[{"href":"https:\/\/ventspils.citro.lv\/ru\/wp-json\/wp\/v2\/product\/18162"}],"collection":[{"href":"https:\/\/ventspils.citro.lv\/ru\/wp-json\/wp\/v2\/product"}],"about":[{"href":"https:\/\/ventspils.citro.lv\/ru\/wp-json\/wp\/v2\/types\/product"}],"wp:featuredmedia":[{"embeddable":true,"href":"https:\/\/ventspils.citro.lv\/ru\/wp-json\/wp\/v2\/media\/1243274"}],"wp:attachment":[{"href":"https:\/\/ventspils.citro.lv\/ru\/wp-json\/wp\/v2\/media?parent=18162"}],"wp:term":[{"taxonomy":"product_cat","embeddable":true,"href":"https:\/\/ventspils.citro.lv\/ru\/wp-json\/wp\/v2\/product_cat?post=18162"},{"taxonomy":"product_tag","embeddable":true,"href":"https:\/\/ventspils.citro.lv\/ru\/wp-json\/wp\/v2\/product_tag?post=18162"}],"curies":[{"name":"wp","href":"https:\/\/api.w.org\/{rel}","templated":true}]}}