{"id":18064,"date":"2026-03-27T07:12:50","date_gmt":"2026-03-27T05:12:50","guid":{"rendered":"https:\/\/ventspils.citro.lv\/veikals\/tostermaize-kefira-vertiga-450g\/"},"modified":"2026-04-04T15:58:57","modified_gmt":"2026-04-04T12:58:57","slug":"tostermaize-kefira-vertiga-450g","status":"publish","type":"product","link":"https:\/\/ventspils.citro.lv\/ru\/veikals\/tostermaize-kefira-vertiga-450g\/","title":{"rendered":"Tostermaize Kef\u012bra V\u0113rt\u012bg\u0101 450g"},"content":{"rendered":"","protected":false},"excerpt":{"rendered":"<p>3.22 \u20ac\/kg<\/p>\n","protected":false},"featured_media":1235770,"template":"","meta":{"_acf_changed":false,"inline_featured_image":false},"product_cat":[536,215],"product_tag":[],"acf":[],"aioseo_notices":[],"_links":{"self":[{"href":"https:\/\/ventspils.citro.lv\/ru\/wp-json\/wp\/v2\/product\/18064"}],"collection":[{"href":"https:\/\/ventspils.citro.lv\/ru\/wp-json\/wp\/v2\/product"}],"about":[{"href":"https:\/\/ventspils.citro.lv\/ru\/wp-json\/wp\/v2\/types\/product"}],"wp:featuredmedia":[{"embeddable":true,"href":"https:\/\/ventspils.citro.lv\/ru\/wp-json\/wp\/v2\/media\/1235770"}],"wp:attachment":[{"href":"https:\/\/ventspils.citro.lv\/ru\/wp-json\/wp\/v2\/media?parent=18064"}],"wp:term":[{"taxonomy":"product_cat","embeddable":true,"href":"https:\/\/ventspils.citro.lv\/ru\/wp-json\/wp\/v2\/product_cat?post=18064"},{"taxonomy":"product_tag","embeddable":true,"href":"https:\/\/ventspils.citro.lv\/ru\/wp-json\/wp\/v2\/product_tag?post=18064"}],"curies":[{"name":"wp","href":"https:\/\/api.w.org\/{rel}","templated":true}]}}