{"id":18053,"date":"2026-05-08T02:45:03","date_gmt":"2026-05-07T23:45:03","guid":{"rendered":"https:\/\/ventspils.citro.lv\/veikals\/olivella-extra-virgin-santolino-1l\/"},"modified":"2026-05-08T02:45:07","modified_gmt":"2026-05-07T23:45:07","slug":"olivella-extra-virgin-santolino-1l","status":"publish","type":"product","link":"https:\/\/ventspils.citro.lv\/ru\/veikals\/olivella-extra-virgin-santolino-1l\/","title":{"rendered":"Ol\u012bve\u013c\u013ca Extra Virgin Santolino 1l"},"content":{"rendered":"","protected":false},"excerpt":{"rendered":"<p>7.79 \u20ac\/l<\/p>\n","protected":false},"featured_media":1257553,"template":"","meta":{"_acf_changed":false,"inline_featured_image":false},"product_cat":[116,164],"product_tag":[],"acf":[],"aioseo_notices":[],"_links":{"self":[{"href":"https:\/\/ventspils.citro.lv\/ru\/wp-json\/wp\/v2\/product\/18053"}],"collection":[{"href":"https:\/\/ventspils.citro.lv\/ru\/wp-json\/wp\/v2\/product"}],"about":[{"href":"https:\/\/ventspils.citro.lv\/ru\/wp-json\/wp\/v2\/types\/product"}],"wp:featuredmedia":[{"embeddable":true,"href":"https:\/\/ventspils.citro.lv\/ru\/wp-json\/wp\/v2\/media\/1257553"}],"wp:attachment":[{"href":"https:\/\/ventspils.citro.lv\/ru\/wp-json\/wp\/v2\/media?parent=18053"}],"wp:term":[{"taxonomy":"product_cat","embeddable":true,"href":"https:\/\/ventspils.citro.lv\/ru\/wp-json\/wp\/v2\/product_cat?post=18053"},{"taxonomy":"product_tag","embeddable":true,"href":"https:\/\/ventspils.citro.lv\/ru\/wp-json\/wp\/v2\/product_tag?post=18053"}],"curies":[{"name":"wp","href":"https:\/\/api.w.org\/{rel}","templated":true}]}}