{"id":180278,"date":"2025-10-25T00:57:03","date_gmt":"2025-10-24T21:57:03","guid":{"rendered":"https:\/\/ventspils.citro.lv\/veikals\/birste-drebju-tirisanai-multi\/"},"modified":"2025-10-25T00:57:08","modified_gmt":"2025-10-24T21:57:08","slug":"birste-drebju-tirisanai-multi-24","status":"publish","type":"product","link":"https:\/\/ventspils.citro.lv\/ru\/veikals\/birste-drebju-tirisanai-multi-24\/","title":{"rendered":"Birste dr\u0113bju t\u012br\u012b\u0161anai Multi (24)"},"content":{"rendered":"","protected":false},"excerpt":{"rendered":"<p>1.19 \u20ac\/gb<\/p>\n","protected":false},"featured_media":1146970,"template":"","meta":{"_acf_changed":false,"inline_featured_image":false},"product_cat":[131,132],"product_tag":[],"acf":[],"aioseo_notices":[],"_links":{"self":[{"href":"https:\/\/ventspils.citro.lv\/ru\/wp-json\/wp\/v2\/product\/180278"}],"collection":[{"href":"https:\/\/ventspils.citro.lv\/ru\/wp-json\/wp\/v2\/product"}],"about":[{"href":"https:\/\/ventspils.citro.lv\/ru\/wp-json\/wp\/v2\/types\/product"}],"wp:featuredmedia":[{"embeddable":true,"href":"https:\/\/ventspils.citro.lv\/ru\/wp-json\/wp\/v2\/media\/1146970"}],"wp:attachment":[{"href":"https:\/\/ventspils.citro.lv\/ru\/wp-json\/wp\/v2\/media?parent=180278"}],"wp:term":[{"taxonomy":"product_cat","embeddable":true,"href":"https:\/\/ventspils.citro.lv\/ru\/wp-json\/wp\/v2\/product_cat?post=180278"},{"taxonomy":"product_tag","embeddable":true,"href":"https:\/\/ventspils.citro.lv\/ru\/wp-json\/wp\/v2\/product_tag?post=180278"}],"curies":[{"name":"wp","href":"https:\/\/api.w.org\/{rel}","templated":true}]}}