{"id":180096,"date":"2026-03-27T05:00:17","date_gmt":"2026-03-27T03:00:17","guid":{"rendered":"https:\/\/ventspils.citro.lv\/veikals\/universala-rokas-birste-ovala-24\/"},"modified":"2026-03-27T05:00:22","modified_gmt":"2026-03-27T03:00:22","slug":"universala-rokas-birste-ovala-24","status":"publish","type":"product","link":"https:\/\/ventspils.citro.lv\/ru\/veikals\/universala-rokas-birste-ovala-24\/","title":{"rendered":"Univers\u0101l\u0101 rokas birste ov\u0101la (24)"},"content":{"rendered":"","protected":false},"excerpt":{"rendered":"<p>0.99 \u20ac\/gb<\/p>\n","protected":false},"featured_media":1235282,"template":"","meta":{"_acf_changed":false,"inline_featured_image":false},"product_cat":[131,132],"product_tag":[],"acf":[],"aioseo_notices":[],"_links":{"self":[{"href":"https:\/\/ventspils.citro.lv\/ru\/wp-json\/wp\/v2\/product\/180096"}],"collection":[{"href":"https:\/\/ventspils.citro.lv\/ru\/wp-json\/wp\/v2\/product"}],"about":[{"href":"https:\/\/ventspils.citro.lv\/ru\/wp-json\/wp\/v2\/types\/product"}],"wp:featuredmedia":[{"embeddable":true,"href":"https:\/\/ventspils.citro.lv\/ru\/wp-json\/wp\/v2\/media\/1235282"}],"wp:attachment":[{"href":"https:\/\/ventspils.citro.lv\/ru\/wp-json\/wp\/v2\/media?parent=180096"}],"wp:term":[{"taxonomy":"product_cat","embeddable":true,"href":"https:\/\/ventspils.citro.lv\/ru\/wp-json\/wp\/v2\/product_cat?post=180096"},{"taxonomy":"product_tag","embeddable":true,"href":"https:\/\/ventspils.citro.lv\/ru\/wp-json\/wp\/v2\/product_tag?post=180096"}],"curies":[{"name":"wp","href":"https:\/\/api.w.org\/{rel}","templated":true}]}}