{"id":180094,"date":"2025-10-25T00:52:18","date_gmt":"2025-10-24T21:52:18","guid":{"rendered":"https:\/\/ventspils.citro.lv\/veikals\/liekskere-ar-slotinu-24\/"},"modified":"2025-10-25T00:52:30","modified_gmt":"2025-10-24T21:52:30","slug":"liekskere-ar-slotinu-24","status":"publish","type":"product","link":"https:\/\/ventspils.citro.lv\/ru\/veikals\/liekskere-ar-slotinu-24\/","title":{"rendered":"Liek\u0161\u0137ere ar sloti\u0146u (24)"},"content":{"rendered":"","protected":false},"excerpt":{"rendered":"<p>1.69 \u20ac\/gb<\/p>\n","protected":false},"featured_media":1146960,"template":"","meta":{"_acf_changed":false,"inline_featured_image":false},"product_cat":[131,132],"product_tag":[],"acf":[],"aioseo_notices":[],"_links":{"self":[{"href":"https:\/\/ventspils.citro.lv\/ru\/wp-json\/wp\/v2\/product\/180094"}],"collection":[{"href":"https:\/\/ventspils.citro.lv\/ru\/wp-json\/wp\/v2\/product"}],"about":[{"href":"https:\/\/ventspils.citro.lv\/ru\/wp-json\/wp\/v2\/types\/product"}],"wp:featuredmedia":[{"embeddable":true,"href":"https:\/\/ventspils.citro.lv\/ru\/wp-json\/wp\/v2\/media\/1146960"}],"wp:attachment":[{"href":"https:\/\/ventspils.citro.lv\/ru\/wp-json\/wp\/v2\/media?parent=180094"}],"wp:term":[{"taxonomy":"product_cat","embeddable":true,"href":"https:\/\/ventspils.citro.lv\/ru\/wp-json\/wp\/v2\/product_cat?post=180094"},{"taxonomy":"product_tag","embeddable":true,"href":"https:\/\/ventspils.citro.lv\/ru\/wp-json\/wp\/v2\/product_tag?post=180094"}],"curies":[{"name":"wp","href":"https:\/\/api.w.org\/{rel}","templated":true}]}}