{"id":179788,"date":"2026-04-24T03:57:35","date_gmt":"2026-04-24T00:57:35","guid":{"rendered":"https:\/\/ventspils.citro.lv\/veikals\/maisijums-garsaugu-vidusjuras-12g\/"},"modified":"2026-04-24T03:57:41","modified_gmt":"2026-04-24T00:57:41","slug":"maisijums-garsaugu-vidusjuras-12g","status":"publish","type":"product","link":"https:\/\/ventspils.citro.lv\/ru\/veikals\/maisijums-garsaugu-vidusjuras-12g\/","title":{"rendered":"Mais\u012bjums gar\u0161augu Vidusj\u016bras 12g"},"content":{"rendered":"","protected":false},"excerpt":{"rendered":"<p>62.50 \u20ac\/kg<\/p>\n","protected":false},"featured_media":1251396,"template":"","meta":{"_acf_changed":false,"inline_featured_image":false},"product_cat":[116,165],"product_tag":[],"acf":[],"aioseo_notices":[],"_links":{"self":[{"href":"https:\/\/ventspils.citro.lv\/ru\/wp-json\/wp\/v2\/product\/179788"}],"collection":[{"href":"https:\/\/ventspils.citro.lv\/ru\/wp-json\/wp\/v2\/product"}],"about":[{"href":"https:\/\/ventspils.citro.lv\/ru\/wp-json\/wp\/v2\/types\/product"}],"wp:featuredmedia":[{"embeddable":true,"href":"https:\/\/ventspils.citro.lv\/ru\/wp-json\/wp\/v2\/media\/1251396"}],"wp:attachment":[{"href":"https:\/\/ventspils.citro.lv\/ru\/wp-json\/wp\/v2\/media?parent=179788"}],"wp:term":[{"taxonomy":"product_cat","embeddable":true,"href":"https:\/\/ventspils.citro.lv\/ru\/wp-json\/wp\/v2\/product_cat?post=179788"},{"taxonomy":"product_tag","embeddable":true,"href":"https:\/\/ventspils.citro.lv\/ru\/wp-json\/wp\/v2\/product_tag?post=179788"}],"curies":[{"name":"wp","href":"https:\/\/api.w.org\/{rel}","templated":true}]}}