{"id":17977,"date":"2026-04-24T06:48:02","date_gmt":"2026-04-24T03:48:02","guid":{"rendered":"https:\/\/ventspils.citro.lv\/veikals\/saldejums-mr-big-vanilas-krejuma-uz-kocina-150ml-90g\/"},"modified":"2026-04-24T06:48:14","modified_gmt":"2026-04-24T03:48:14","slug":"saldejums-mr-big-vanilas-krejuma-uz-kocina-150ml-90g","status":"publish","type":"product","link":"https:\/\/ventspils.citro.lv\/ru\/veikals\/saldejums-mr-big-vanilas-krejuma-uz-kocina-150ml-90g\/","title":{"rendered":"Sald\u0113jums MR.BIG vani\u013cas kr\u0113juma uz koci\u0146a 150ml\/90g"},"content":{"rendered":"","protected":false},"excerpt":{"rendered":"<p>8.78 \u20ac\/kg<\/p>\n","protected":false},"featured_media":1252118,"template":"","meta":{"_acf_changed":false,"inline_featured_image":false},"product_cat":[233,555],"product_tag":[],"acf":[],"aioseo_notices":[],"_links":{"self":[{"href":"https:\/\/ventspils.citro.lv\/ru\/wp-json\/wp\/v2\/product\/17977"}],"collection":[{"href":"https:\/\/ventspils.citro.lv\/ru\/wp-json\/wp\/v2\/product"}],"about":[{"href":"https:\/\/ventspils.citro.lv\/ru\/wp-json\/wp\/v2\/types\/product"}],"wp:featuredmedia":[{"embeddable":true,"href":"https:\/\/ventspils.citro.lv\/ru\/wp-json\/wp\/v2\/media\/1252118"}],"wp:attachment":[{"href":"https:\/\/ventspils.citro.lv\/ru\/wp-json\/wp\/v2\/media?parent=17977"}],"wp:term":[{"taxonomy":"product_cat","embeddable":true,"href":"https:\/\/ventspils.citro.lv\/ru\/wp-json\/wp\/v2\/product_cat?post=17977"},{"taxonomy":"product_tag","embeddable":true,"href":"https:\/\/ventspils.citro.lv\/ru\/wp-json\/wp\/v2\/product_tag?post=17977"}],"curies":[{"name":"wp","href":"https:\/\/api.w.org\/{rel}","templated":true}]}}