{"id":179756,"date":"2026-02-13T03:22:36","date_gmt":"2026-02-13T01:22:36","guid":{"rendered":"https:\/\/ventspils.citro.lv\/veikals\/trauku-tiramais-suklis-3gb\/"},"modified":"2026-03-05T18:21:16","modified_gmt":"2026-03-05T16:21:16","slug":"trauku-tiramais-suklis-3gb","status":"publish","type":"product","link":"https:\/\/ventspils.citro.lv\/ru\/veikals\/trauku-tiramais-suklis-3gb\/","title":{"rendered":"Trauku t\u012br\u0101mais s\u016bklis 3gb"},"content":{"rendered":"","protected":false},"excerpt":{"rendered":"<p>0.35 \u20ac\/gb<\/p>\n","protected":false},"featured_media":1207859,"template":"","meta":{"_acf_changed":false,"inline_featured_image":false},"product_cat":[131,132],"product_tag":[],"acf":[],"aioseo_notices":[],"_links":{"self":[{"href":"https:\/\/ventspils.citro.lv\/ru\/wp-json\/wp\/v2\/product\/179756"}],"collection":[{"href":"https:\/\/ventspils.citro.lv\/ru\/wp-json\/wp\/v2\/product"}],"about":[{"href":"https:\/\/ventspils.citro.lv\/ru\/wp-json\/wp\/v2\/types\/product"}],"wp:featuredmedia":[{"embeddable":true,"href":"https:\/\/ventspils.citro.lv\/ru\/wp-json\/wp\/v2\/media\/1207859"}],"wp:attachment":[{"href":"https:\/\/ventspils.citro.lv\/ru\/wp-json\/wp\/v2\/media?parent=179756"}],"wp:term":[{"taxonomy":"product_cat","embeddable":true,"href":"https:\/\/ventspils.citro.lv\/ru\/wp-json\/wp\/v2\/product_cat?post=179756"},{"taxonomy":"product_tag","embeddable":true,"href":"https:\/\/ventspils.citro.lv\/ru\/wp-json\/wp\/v2\/product_tag?post=179756"}],"curies":[{"name":"wp","href":"https:\/\/api.w.org\/{rel}","templated":true}]}}