{"id":179748,"date":"2026-02-13T03:22:08","date_gmt":"2026-02-13T01:22:08","guid":{"rendered":"https:\/\/ventspils.citro.lv\/veikals\/trauku-tiramais-suklis-3gb-metala\/"},"modified":"2026-02-13T03:22:21","modified_gmt":"2026-02-13T01:22:21","slug":"trauku-tiramais-suklis-3gb-metala","status":"publish","type":"product","link":"https:\/\/ventspils.citro.lv\/ru\/veikals\/trauku-tiramais-suklis-3gb-metala\/","title":{"rendered":"Trauku t\u012br\u0101mais s\u016bklis 3gb met\u0101la"},"content":{"rendered":"","protected":false},"excerpt":{"rendered":"<p>0.33 \u20ac\/gb<\/p>\n","protected":false},"featured_media":1207855,"template":"","meta":{"_acf_changed":false,"inline_featured_image":false},"product_cat":[131,132],"product_tag":[],"acf":[],"aioseo_notices":[],"_links":{"self":[{"href":"https:\/\/ventspils.citro.lv\/ru\/wp-json\/wp\/v2\/product\/179748"}],"collection":[{"href":"https:\/\/ventspils.citro.lv\/ru\/wp-json\/wp\/v2\/product"}],"about":[{"href":"https:\/\/ventspils.citro.lv\/ru\/wp-json\/wp\/v2\/types\/product"}],"wp:featuredmedia":[{"embeddable":true,"href":"https:\/\/ventspils.citro.lv\/ru\/wp-json\/wp\/v2\/media\/1207855"}],"wp:attachment":[{"href":"https:\/\/ventspils.citro.lv\/ru\/wp-json\/wp\/v2\/media?parent=179748"}],"wp:term":[{"taxonomy":"product_cat","embeddable":true,"href":"https:\/\/ventspils.citro.lv\/ru\/wp-json\/wp\/v2\/product_cat?post=179748"},{"taxonomy":"product_tag","embeddable":true,"href":"https:\/\/ventspils.citro.lv\/ru\/wp-json\/wp\/v2\/product_tag?post=179748"}],"curies":[{"name":"wp","href":"https:\/\/api.w.org\/{rel}","templated":true}]}}