{"id":179628,"date":"2026-03-04T02:58:00","date_gmt":"2026-03-04T00:58:00","guid":{"rendered":"https:\/\/ventspils.citro.lv\/veikals\/gurki-saldskabie-muizkungu-950g\/"},"modified":"2026-03-20T17:01:24","modified_gmt":"2026-03-20T15:01:24","slug":"gurki-saldskabie-muizkungu-950g","status":"publish","type":"product","link":"https:\/\/ventspils.citro.lv\/ru\/veikals\/gurki-saldskabie-muizkungu-950g\/","title":{"rendered":"Gur\u0137i saldsk\u0101bie Mui\u017ekungu 950g"},"content":{"rendered":"","protected":false},"excerpt":{"rendered":"<p>2.89 \u20ac\/kg<\/p>\n","protected":false},"featured_media":1221264,"template":"","meta":{"_acf_changed":false,"inline_featured_image":false},"product_cat":[103,140],"product_tag":[],"acf":[],"aioseo_notices":[],"_links":{"self":[{"href":"https:\/\/ventspils.citro.lv\/ru\/wp-json\/wp\/v2\/product\/179628"}],"collection":[{"href":"https:\/\/ventspils.citro.lv\/ru\/wp-json\/wp\/v2\/product"}],"about":[{"href":"https:\/\/ventspils.citro.lv\/ru\/wp-json\/wp\/v2\/types\/product"}],"wp:featuredmedia":[{"embeddable":true,"href":"https:\/\/ventspils.citro.lv\/ru\/wp-json\/wp\/v2\/media\/1221264"}],"wp:attachment":[{"href":"https:\/\/ventspils.citro.lv\/ru\/wp-json\/wp\/v2\/media?parent=179628"}],"wp:term":[{"taxonomy":"product_cat","embeddable":true,"href":"https:\/\/ventspils.citro.lv\/ru\/wp-json\/wp\/v2\/product_cat?post=179628"},{"taxonomy":"product_tag","embeddable":true,"href":"https:\/\/ventspils.citro.lv\/ru\/wp-json\/wp\/v2\/product_tag?post=179628"}],"curies":[{"name":"wp","href":"https:\/\/api.w.org\/{rel}","templated":true}]}}