{"id":17918,"date":"2026-03-31T02:57:51","date_gmt":"2026-03-30T23:57:51","guid":{"rendered":"https:\/\/ventspils.citro.lv\/veikals\/bariba-kakiem-dreamies-ar-cala-galu-60g\/"},"modified":"2026-03-31T02:58:00","modified_gmt":"2026-03-30T23:58:00","slug":"bariba-kakiem-dreamies-ar-cala-galu-60g","status":"publish","type":"product","link":"https:\/\/ventspils.citro.lv\/ru\/veikals\/bariba-kakiem-dreamies-ar-cala-galu-60g\/","title":{"rendered":"Bar\u012bba ka\u0137iem Dreamies ar c\u0101\u013ca ga\u013cu 60g"},"content":{"rendered":"","protected":false},"excerpt":{"rendered":"<p>33.17 \u20ac\/kg<\/p>\n","protected":false},"featured_media":1238006,"template":"","meta":{"_acf_changed":false,"inline_featured_image":false},"product_cat":[616,153],"product_tag":[],"acf":[],"aioseo_notices":[],"_links":{"self":[{"href":"https:\/\/ventspils.citro.lv\/ru\/wp-json\/wp\/v2\/product\/17918"}],"collection":[{"href":"https:\/\/ventspils.citro.lv\/ru\/wp-json\/wp\/v2\/product"}],"about":[{"href":"https:\/\/ventspils.citro.lv\/ru\/wp-json\/wp\/v2\/types\/product"}],"wp:featuredmedia":[{"embeddable":true,"href":"https:\/\/ventspils.citro.lv\/ru\/wp-json\/wp\/v2\/media\/1238006"}],"wp:attachment":[{"href":"https:\/\/ventspils.citro.lv\/ru\/wp-json\/wp\/v2\/media?parent=17918"}],"wp:term":[{"taxonomy":"product_cat","embeddable":true,"href":"https:\/\/ventspils.citro.lv\/ru\/wp-json\/wp\/v2\/product_cat?post=17918"},{"taxonomy":"product_tag","embeddable":true,"href":"https:\/\/ventspils.citro.lv\/ru\/wp-json\/wp\/v2\/product_tag?post=17918"}],"curies":[{"name":"wp","href":"https:\/\/api.w.org\/{rel}","templated":true}]}}