{"id":17788,"date":"2026-03-10T01:30:38","date_gmt":"2026-03-09T23:30:38","guid":{"rendered":"https:\/\/ventspils.citro.lv\/veikals\/zirnisi-zalie-bonduelle-400g\/"},"modified":"2026-03-10T01:30:46","modified_gmt":"2026-03-09T23:30:46","slug":"zirnisi-zalie-saldetie-bonduelle-400g","status":"publish","type":"product","link":"https:\/\/ventspils.citro.lv\/ru\/veikals\/zirnisi-zalie-saldetie-bonduelle-400g\/","title":{"rendered":"Zirn\u012b\u0161i za\u013cie sald\u0113tie Bonduelle 400g"},"content":{"rendered":"","protected":false},"excerpt":{"rendered":"<p>3.98 \u20ac\/kg<\/p>\n","protected":false},"featured_media":1222633,"template":"","meta":{"_acf_changed":false,"inline_featured_image":false},"product_cat":[569,231],"product_tag":[],"acf":[],"aioseo_notices":[],"_links":{"self":[{"href":"https:\/\/ventspils.citro.lv\/ru\/wp-json\/wp\/v2\/product\/17788"}],"collection":[{"href":"https:\/\/ventspils.citro.lv\/ru\/wp-json\/wp\/v2\/product"}],"about":[{"href":"https:\/\/ventspils.citro.lv\/ru\/wp-json\/wp\/v2\/types\/product"}],"wp:featuredmedia":[{"embeddable":true,"href":"https:\/\/ventspils.citro.lv\/ru\/wp-json\/wp\/v2\/media\/1222633"}],"wp:attachment":[{"href":"https:\/\/ventspils.citro.lv\/ru\/wp-json\/wp\/v2\/media?parent=17788"}],"wp:term":[{"taxonomy":"product_cat","embeddable":true,"href":"https:\/\/ventspils.citro.lv\/ru\/wp-json\/wp\/v2\/product_cat?post=17788"},{"taxonomy":"product_tag","embeddable":true,"href":"https:\/\/ventspils.citro.lv\/ru\/wp-json\/wp\/v2\/product_tag?post=17788"}],"curies":[{"name":"wp","href":"https:\/\/api.w.org\/{rel}","templated":true}]}}