{"id":17766,"date":"2026-04-10T05:48:13","date_gmt":"2026-04-10T02:48:13","guid":{"rendered":"https:\/\/ventspils.citro.lv\/veikals\/saldejums-majas-plombirs-950ml-455g\/"},"modified":"2026-04-10T05:48:24","modified_gmt":"2026-04-10T02:48:24","slug":"saldejums-majas-plombirs-950ml-455g","status":"publish","type":"product","link":"https:\/\/ventspils.citro.lv\/ru\/veikals\/saldejums-majas-plombirs-950ml-455g\/","title":{"rendered":"Sald\u0113jums M\u0101jas Plomb\u012brs 950ml\/455g"},"content":{"rendered":"","protected":false},"excerpt":{"rendered":"<p>10.97 \u20ac\/kg<\/p>\n","protected":false},"featured_media":1243192,"template":"","meta":{"_acf_changed":false,"inline_featured_image":false},"product_cat":[233,546],"product_tag":[],"acf":[],"aioseo_notices":[],"_links":{"self":[{"href":"https:\/\/ventspils.citro.lv\/ru\/wp-json\/wp\/v2\/product\/17766"}],"collection":[{"href":"https:\/\/ventspils.citro.lv\/ru\/wp-json\/wp\/v2\/product"}],"about":[{"href":"https:\/\/ventspils.citro.lv\/ru\/wp-json\/wp\/v2\/types\/product"}],"wp:featuredmedia":[{"embeddable":true,"href":"https:\/\/ventspils.citro.lv\/ru\/wp-json\/wp\/v2\/media\/1243192"}],"wp:attachment":[{"href":"https:\/\/ventspils.citro.lv\/ru\/wp-json\/wp\/v2\/media?parent=17766"}],"wp:term":[{"taxonomy":"product_cat","embeddable":true,"href":"https:\/\/ventspils.citro.lv\/ru\/wp-json\/wp\/v2\/product_cat?post=17766"},{"taxonomy":"product_tag","embeddable":true,"href":"https:\/\/ventspils.citro.lv\/ru\/wp-json\/wp\/v2\/product_tag?post=17766"}],"curies":[{"name":"wp","href":"https:\/\/api.w.org\/{rel}","templated":true}]}}