{"id":177638,"date":"2026-04-28T02:00:32","date_gmt":"2026-04-27T23:00:32","guid":{"rendered":"https:\/\/ventspils.citro.lv\/veikals\/maizite-jubilejas-citro\/"},"modified":"2026-05-04T10:34:19","modified_gmt":"2026-05-04T07:34:19","slug":"maizite-jubilejas-citro","status":"publish","type":"product","link":"https:\/\/ventspils.citro.lv\/ru\/veikals\/maizite-jubilejas-citro\/","title":{"rendered":"Maiz\u012bte Jubilejas Citro"},"content":{"rendered":"<p>Sast\u0101vda\u013cas: m\u012bkla (KVIE\u0160U milti, margar\u012bns (augu tauki (palmu, kokosa), rap\u0161u e\u013c\u013ca, emulgators: E471, sk\u0101buma regul\u0113t\u0101js: E330, dab\u012bgs aromatiz\u0113t\u0101js, p\u0101rtikas kr\u0101sviela:  E160a), \u016bdens, raugs, cukurs, p\u0101rtikas s\u0101ls), roz\u012bnes, ZEMESRIEKSTI, OLAS, p\u016bdercukurs (dekstroze, KVIE\u0160U ciete, palmu tauki (RSPO MB) , rap\u0161u e\u013c\u013ca, pretsalipes viela :E170, aromatiz\u0113t\u0101js). 100 g produkta satur:  ener\u0123\u0113tisk\u0101 v\u0113rt\u012bba 2113KJ\/494kcal,  tauki 21g, tostarp pies\u0101tin\u0101t\u0101s tauksk\u0101bes 7,9g, og\u013chidr\u0101ti 65,7g , tostarp cukurs 25g, \u0161\u0137iedrvielas 3,6g, olbaltumvielas 12,5g, s\u0101ls 0,7g.Uzglab\u0101t istabas temperat\u016br\u0101. Izlietot l\u012bdz: nor\u0101d\u012bts uz iepakojuma. Ra\u017eot\u0101js: SIA Di\u0101na Bistro, Andreja iela 5, Ventspils.<\/p>\n","protected":false},"excerpt":{"rendered":"<p>0.59 \u20ac\/gb<\/p>\n","protected":false},"featured_media":1253964,"template":"","meta":{"_acf_changed":false,"inline_featured_image":false},"product_cat":[109,110],"product_tag":[],"acf":[],"aioseo_notices":[],"_links":{"self":[{"href":"https:\/\/ventspils.citro.lv\/ru\/wp-json\/wp\/v2\/product\/177638"}],"collection":[{"href":"https:\/\/ventspils.citro.lv\/ru\/wp-json\/wp\/v2\/product"}],"about":[{"href":"https:\/\/ventspils.citro.lv\/ru\/wp-json\/wp\/v2\/types\/product"}],"wp:featuredmedia":[{"embeddable":true,"href":"https:\/\/ventspils.citro.lv\/ru\/wp-json\/wp\/v2\/media\/1253964"}],"wp:attachment":[{"href":"https:\/\/ventspils.citro.lv\/ru\/wp-json\/wp\/v2\/media?parent=177638"}],"wp:term":[{"taxonomy":"product_cat","embeddable":true,"href":"https:\/\/ventspils.citro.lv\/ru\/wp-json\/wp\/v2\/product_cat?post=177638"},{"taxonomy":"product_tag","embeddable":true,"href":"https:\/\/ventspils.citro.lv\/ru\/wp-json\/wp\/v2\/product_tag?post=177638"}],"curies":[{"name":"wp","href":"https:\/\/api.w.org\/{rel}","templated":true}]}}