{"id":17747,"date":"2026-05-15T01:18:51","date_gmt":"2026-05-14T22:18:51","guid":{"rendered":"https:\/\/ventspils.citro.lv\/veikals\/biezpiena-sierins-magija-vanilas-ar-karamelu-glazuru-45g\/"},"modified":"2026-05-15T01:19:03","modified_gmt":"2026-05-14T22:19:03","slug":"biezpiena-sierins-magija-vanilas-ar-karamelu-glazuru-45g","status":"publish","type":"product","link":"https:\/\/ventspils.citro.lv\/ru\/veikals\/biezpiena-sierins-magija-vanilas-ar-karamelu-glazuru-45g\/","title":{"rendered":"Biezpiena sieri\u0146\u0161 Magija vani\u013cas ar karame\u013cu glaz\u016bru 45g"},"content":{"rendered":"","protected":false},"excerpt":{"rendered":"<p>8.67 \u20ac\/kg<\/p>\n","protected":false},"featured_media":1260890,"template":"","meta":{"_acf_changed":false,"inline_featured_image":false},"product_cat":[95,188],"product_tag":[],"acf":[],"aioseo_notices":[],"_links":{"self":[{"href":"https:\/\/ventspils.citro.lv\/ru\/wp-json\/wp\/v2\/product\/17747"}],"collection":[{"href":"https:\/\/ventspils.citro.lv\/ru\/wp-json\/wp\/v2\/product"}],"about":[{"href":"https:\/\/ventspils.citro.lv\/ru\/wp-json\/wp\/v2\/types\/product"}],"wp:featuredmedia":[{"embeddable":true,"href":"https:\/\/ventspils.citro.lv\/ru\/wp-json\/wp\/v2\/media\/1260890"}],"wp:attachment":[{"href":"https:\/\/ventspils.citro.lv\/ru\/wp-json\/wp\/v2\/media?parent=17747"}],"wp:term":[{"taxonomy":"product_cat","embeddable":true,"href":"https:\/\/ventspils.citro.lv\/ru\/wp-json\/wp\/v2\/product_cat?post=17747"},{"taxonomy":"product_tag","embeddable":true,"href":"https:\/\/ventspils.citro.lv\/ru\/wp-json\/wp\/v2\/product_tag?post=17747"}],"curies":[{"name":"wp","href":"https:\/\/api.w.org\/{rel}","templated":true}]}}