{"id":17656,"date":"2026-04-28T02:48:41","date_gmt":"2026-04-27T23:48:41","guid":{"rendered":"https:\/\/ventspils.citro.lv\/veikals\/darzeni-saldeti-vecmaminas-darzenu-zupa-frozana-400gr\/"},"modified":"2026-04-28T02:48:50","modified_gmt":"2026-04-27T23:48:50","slug":"darzeni-saldeti-vecmaminas-darzenu-zupa-frozana-400gr","status":"publish","type":"product","link":"https:\/\/ventspils.citro.lv\/ru\/veikals\/darzeni-saldeti-vecmaminas-darzenu-zupa-frozana-400gr\/","title":{"rendered":"D\u0101rze\u0146i sald\u0113ti vecm\u0101mi\u0146as d\u0101rze\u0146u zupa Frozana 400gr"},"content":{"rendered":"","protected":false},"excerpt":{"rendered":"<p>3.48 \u20ac\/kg<\/p>\n","protected":false},"featured_media":1254157,"template":"","meta":{"_acf_changed":false,"inline_featured_image":false},"product_cat":[569,231],"product_tag":[],"acf":[],"aioseo_notices":[],"_links":{"self":[{"href":"https:\/\/ventspils.citro.lv\/ru\/wp-json\/wp\/v2\/product\/17656"}],"collection":[{"href":"https:\/\/ventspils.citro.lv\/ru\/wp-json\/wp\/v2\/product"}],"about":[{"href":"https:\/\/ventspils.citro.lv\/ru\/wp-json\/wp\/v2\/types\/product"}],"wp:featuredmedia":[{"embeddable":true,"href":"https:\/\/ventspils.citro.lv\/ru\/wp-json\/wp\/v2\/media\/1254157"}],"wp:attachment":[{"href":"https:\/\/ventspils.citro.lv\/ru\/wp-json\/wp\/v2\/media?parent=17656"}],"wp:term":[{"taxonomy":"product_cat","embeddable":true,"href":"https:\/\/ventspils.citro.lv\/ru\/wp-json\/wp\/v2\/product_cat?post=17656"},{"taxonomy":"product_tag","embeddable":true,"href":"https:\/\/ventspils.citro.lv\/ru\/wp-json\/wp\/v2\/product_tag?post=17656"}],"curies":[{"name":"wp","href":"https:\/\/api.w.org\/{rel}","templated":true}]}}