{"id":17627,"date":"2026-02-20T02:57:03","date_gmt":"2026-02-20T00:57:03","guid":{"rendered":"https:\/\/ventspils.citro.lv\/veikals\/kotlesu-masa-kekava-500g\/"},"modified":"2026-04-03T18:11:11","modified_gmt":"2026-04-03T15:11:11","slug":"kotlesu-masa-kekava-saldeta-500g","status":"publish","type":"product","link":"https:\/\/ventspils.citro.lv\/ru\/veikals\/kotlesu-masa-kekava-saldeta-500g\/","title":{"rendered":"Kotle\u0161u masa \u0136ekava sald\u0113ta 500g"},"content":{"rendered":"","protected":false},"excerpt":{"rendered":"<p>3.30 \u20ac\/kg<\/p>\n","protected":false},"featured_media":1212234,"template":"","meta":{"_acf_changed":false,"inline_featured_image":false},"product_cat":[573,231],"product_tag":[],"acf":[],"aioseo_notices":[],"_links":{"self":[{"href":"https:\/\/ventspils.citro.lv\/ru\/wp-json\/wp\/v2\/product\/17627"}],"collection":[{"href":"https:\/\/ventspils.citro.lv\/ru\/wp-json\/wp\/v2\/product"}],"about":[{"href":"https:\/\/ventspils.citro.lv\/ru\/wp-json\/wp\/v2\/types\/product"}],"wp:featuredmedia":[{"embeddable":true,"href":"https:\/\/ventspils.citro.lv\/ru\/wp-json\/wp\/v2\/media\/1212234"}],"wp:attachment":[{"href":"https:\/\/ventspils.citro.lv\/ru\/wp-json\/wp\/v2\/media?parent=17627"}],"wp:term":[{"taxonomy":"product_cat","embeddable":true,"href":"https:\/\/ventspils.citro.lv\/ru\/wp-json\/wp\/v2\/product_cat?post=17627"},{"taxonomy":"product_tag","embeddable":true,"href":"https:\/\/ventspils.citro.lv\/ru\/wp-json\/wp\/v2\/product_tag?post=17627"}],"curies":[{"name":"wp","href":"https:\/\/api.w.org\/{rel}","templated":true}]}}