{"id":17589,"date":"2026-03-10T01:27:52","date_gmt":"2026-03-09T23:27:52","guid":{"rendered":"https:\/\/ventspils.citro.lv\/veikals\/francu-bagete-ar-kiploku-sviestu-saldeta-350g\/"},"modified":"2026-03-14T11:02:36","modified_gmt":"2026-03-14T09:02:36","slug":"francu-bagete-ar-kiploku-sviestu-saldeta-350g-2gb","status":"publish","type":"product","link":"https:\/\/ventspils.citro.lv\/ru\/veikals\/francu-bagete-ar-kiploku-sviestu-saldeta-350g-2gb\/","title":{"rendered":"Fran\u010du bagete ar \u0137iploku sviestu sald\u0113ta 350g 2gb"},"content":{"rendered":"","protected":false},"excerpt":{"rendered":"<p>5.57 \u20ac\/kg<\/p>\n","protected":false},"featured_media":1222626,"template":"","meta":{"_acf_changed":false,"inline_featured_image":false},"product_cat":[566,231],"product_tag":[],"acf":[],"aioseo_notices":[],"_links":{"self":[{"href":"https:\/\/ventspils.citro.lv\/ru\/wp-json\/wp\/v2\/product\/17589"}],"collection":[{"href":"https:\/\/ventspils.citro.lv\/ru\/wp-json\/wp\/v2\/product"}],"about":[{"href":"https:\/\/ventspils.citro.lv\/ru\/wp-json\/wp\/v2\/types\/product"}],"wp:featuredmedia":[{"embeddable":true,"href":"https:\/\/ventspils.citro.lv\/ru\/wp-json\/wp\/v2\/media\/1222626"}],"wp:attachment":[{"href":"https:\/\/ventspils.citro.lv\/ru\/wp-json\/wp\/v2\/media?parent=17589"}],"wp:term":[{"taxonomy":"product_cat","embeddable":true,"href":"https:\/\/ventspils.citro.lv\/ru\/wp-json\/wp\/v2\/product_cat?post=17589"},{"taxonomy":"product_tag","embeddable":true,"href":"https:\/\/ventspils.citro.lv\/ru\/wp-json\/wp\/v2\/product_tag?post=17589"}],"curies":[{"name":"wp","href":"https:\/\/api.w.org\/{rel}","templated":true}]}}