{"id":17499,"date":"2026-04-10T05:36:16","date_gmt":"2026-04-10T02:36:16","guid":{"rendered":"https:\/\/ventspils.citro.lv\/veikals\/darzenu-maisijums-pavasara-frozana-400g\/"},"modified":"2026-04-10T05:36:26","modified_gmt":"2026-04-10T02:36:26","slug":"darzenu-maisijums-pavasara-frozana-400g","status":"publish","type":"product","link":"https:\/\/ventspils.citro.lv\/ru\/veikals\/darzenu-maisijums-pavasara-frozana-400g\/","title":{"rendered":"D\u0101rze\u0146u mais\u012bjums Pavasara Frozana 400g"},"content":{"rendered":"","protected":false},"excerpt":{"rendered":"<p>3.73 \u20ac\/kg<\/p>\n","protected":false},"featured_media":1243146,"template":"","meta":{"_acf_changed":false,"inline_featured_image":false},"product_cat":[569,231],"product_tag":[],"acf":[],"aioseo_notices":[],"_links":{"self":[{"href":"https:\/\/ventspils.citro.lv\/ru\/wp-json\/wp\/v2\/product\/17499"}],"collection":[{"href":"https:\/\/ventspils.citro.lv\/ru\/wp-json\/wp\/v2\/product"}],"about":[{"href":"https:\/\/ventspils.citro.lv\/ru\/wp-json\/wp\/v2\/types\/product"}],"wp:featuredmedia":[{"embeddable":true,"href":"https:\/\/ventspils.citro.lv\/ru\/wp-json\/wp\/v2\/media\/1243146"}],"wp:attachment":[{"href":"https:\/\/ventspils.citro.lv\/ru\/wp-json\/wp\/v2\/media?parent=17499"}],"wp:term":[{"taxonomy":"product_cat","embeddable":true,"href":"https:\/\/ventspils.citro.lv\/ru\/wp-json\/wp\/v2\/product_cat?post=17499"},{"taxonomy":"product_tag","embeddable":true,"href":"https:\/\/ventspils.citro.lv\/ru\/wp-json\/wp\/v2\/product_tag?post=17499"}],"curies":[{"name":"wp","href":"https:\/\/api.w.org\/{rel}","templated":true}]}}