{"id":17344,"date":"2025-11-15T01:08:19","date_gmt":"2025-11-14T23:08:19","guid":{"rendered":"https:\/\/ventspils.citro.lv\/veikals\/saldejums-vanilas-plombirs-russkij-plombir180ml-90g\/"},"modified":"2025-11-15T01:08:24","modified_gmt":"2025-11-14T23:08:24","slug":"saldejums-aurum-sendvics-vanilas-180ml-90g","status":"publish","type":"product","link":"https:\/\/ventspils.citro.lv\/ru\/veikals\/saldejums-aurum-sendvics-vanilas-180ml-90g\/","title":{"rendered":"Sald\u0113jums Aurum sendvi\u010ds vani\u013cas 180ml\/90g"},"content":{"rendered":"","protected":false},"excerpt":{"rendered":"<p>8.78 \u20ac\/kg<\/p>\n","protected":false},"featured_media":1159730,"template":"","meta":{"_acf_changed":false,"inline_featured_image":false},"product_cat":[233,555],"product_tag":[],"acf":[],"aioseo_notices":[],"_links":{"self":[{"href":"https:\/\/ventspils.citro.lv\/ru\/wp-json\/wp\/v2\/product\/17344"}],"collection":[{"href":"https:\/\/ventspils.citro.lv\/ru\/wp-json\/wp\/v2\/product"}],"about":[{"href":"https:\/\/ventspils.citro.lv\/ru\/wp-json\/wp\/v2\/types\/product"}],"wp:featuredmedia":[{"embeddable":true,"href":"https:\/\/ventspils.citro.lv\/ru\/wp-json\/wp\/v2\/media\/1159730"}],"wp:attachment":[{"href":"https:\/\/ventspils.citro.lv\/ru\/wp-json\/wp\/v2\/media?parent=17344"}],"wp:term":[{"taxonomy":"product_cat","embeddable":true,"href":"https:\/\/ventspils.citro.lv\/ru\/wp-json\/wp\/v2\/product_cat?post=17344"},{"taxonomy":"product_tag","embeddable":true,"href":"https:\/\/ventspils.citro.lv\/ru\/wp-json\/wp\/v2\/product_tag?post=17344"}],"curies":[{"name":"wp","href":"https:\/\/api.w.org\/{rel}","templated":true}]}}