{"id":17186,"date":"2026-03-03T02:36:49","date_gmt":"2026-03-03T00:36:49","guid":{"rendered":"https:\/\/ventspils.citro.lv\/veikals\/pelmeni-mazulisi-450g\/"},"modified":"2026-03-18T11:57:54","modified_gmt":"2026-03-18T09:57:54","slug":"pelmeni-mazulisi-400g-2","status":"publish","type":"product","link":"https:\/\/ventspils.citro.lv\/ru\/veikals\/pelmeni-mazulisi-400g-2\/","title":{"rendered":"Pelme\u0146i Mazul\u012b\u0161i 400g"},"content":{"rendered":"","protected":false},"excerpt":{"rendered":"<p>4.33 \u20ac\/kg<\/p>\n","protected":false},"featured_media":1220344,"template":"","meta":{"_acf_changed":false,"inline_featured_image":false},"product_cat":[539,231],"product_tag":[],"acf":[],"aioseo_notices":[],"_links":{"self":[{"href":"https:\/\/ventspils.citro.lv\/ru\/wp-json\/wp\/v2\/product\/17186"}],"collection":[{"href":"https:\/\/ventspils.citro.lv\/ru\/wp-json\/wp\/v2\/product"}],"about":[{"href":"https:\/\/ventspils.citro.lv\/ru\/wp-json\/wp\/v2\/types\/product"}],"wp:featuredmedia":[{"embeddable":true,"href":"https:\/\/ventspils.citro.lv\/ru\/wp-json\/wp\/v2\/media\/1220344"}],"wp:attachment":[{"href":"https:\/\/ventspils.citro.lv\/ru\/wp-json\/wp\/v2\/media?parent=17186"}],"wp:term":[{"taxonomy":"product_cat","embeddable":true,"href":"https:\/\/ventspils.citro.lv\/ru\/wp-json\/wp\/v2\/product_cat?post=17186"},{"taxonomy":"product_tag","embeddable":true,"href":"https:\/\/ventspils.citro.lv\/ru\/wp-json\/wp\/v2\/product_tag?post=17186"}],"curies":[{"name":"wp","href":"https:\/\/api.w.org\/{rel}","templated":true}]}}